{"id":1368,"date":"2023-03-04T20:44:43","date_gmt":"2023-03-04T17:44:43","guid":{"rendered":"https:\/\/visaodistri.com.br\/?post_type=product&#038;p=1368"},"modified":"2024-03-12T23:15:28","modified_gmt":"2024-03-12T20:15:28","slug":"fg150","status":"publish","type":"product","link":"https:\/\/visaodistri.com.br\/?product=fg150","title":{"rendered":"ELETRIFICADOR FOGGIATTO FG150 15 JOULES"},"content":{"rendered":"<p>Raio de a\u00e7\u00e3o: 15.000m<br \/>\nEnergia: 15 joules<br \/>\n\u00c1rea cercada: 2.000.000m\u00b2<br \/>\nMetragem Linear: 150.000m<br \/>\nTen\u00e7\u00e3o de sa\u00edda: 11,9kv<br \/>\nConsumo: 6 wh<br \/>\nAlimenta\u00e7\u00e3o: 127v\/220v<br \/>\nPadr\u00e3o INMETRO de<br \/>\nqualidade!<\/p>\n","protected":false},"excerpt":{"rendered":"<p>Raio de a\u00e7\u00e3o: 15.000m Energia: 15 joules \u00c1rea cercada: 2.000.000m\u00b2 Metragem Linear: 150.000m Ten\u00e7\u00e3o de sa\u00edda: 11,9kv Consumo: 6 wh Alimenta\u00e7\u00e3o: 127v\/220v Padr\u00e3o INMETRO de qualidade!<\/p>\n","protected":false},"featured_media":1369,"comment_status":"open","ping_status":"closed","template":"","meta":{"om_disable_all_campaigns":false,"_mi_skip_tracking":false,"_monsterinsights_sitenote_active":false,"_monsterinsights_sitenote_note":"","_monsterinsights_sitenote_category":0},"product_cat":[39],"product_tag":[],"aioseo_notices":[],"_links":{"self":[{"href":"https:\/\/visaodistri.com.br\/index.php?rest_route=\/wp\/v2\/product\/1368"}],"collection":[{"href":"https:\/\/visaodistri.com.br\/index.php?rest_route=\/wp\/v2\/product"}],"about":[{"href":"https:\/\/visaodistri.com.br\/index.php?rest_route=\/wp\/v2\/types\/product"}],"replies":[{"embeddable":true,"href":"https:\/\/visaodistri.com.br\/index.php?rest_route=%2Fwp%2Fv2%2Fcomments&post=1368"}],"wp:featuredmedia":[{"embeddable":true,"href":"https:\/\/visaodistri.com.br\/index.php?rest_route=\/wp\/v2\/media\/1369"}],"wp:attachment":[{"href":"https:\/\/visaodistri.com.br\/index.php?rest_route=%2Fwp%2Fv2%2Fmedia&parent=1368"}],"wp:term":[{"taxonomy":"product_cat","embeddable":true,"href":"https:\/\/visaodistri.com.br\/index.php?rest_route=%2Fwp%2Fv2%2Fproduct_cat&post=1368"},{"taxonomy":"product_tag","embeddable":true,"href":"https:\/\/visaodistri.com.br\/index.php?rest_route=%2Fwp%2Fv2%2Fproduct_tag&post=1368"}],"curies":[{"name":"wp","href":"https:\/\/api.w.org\/{rel}","templated":true}]}}