{"id":1366,"date":"2023-03-04T20:42:34","date_gmt":"2023-03-04T17:42:34","guid":{"rendered":"https:\/\/visaodistri.com.br\/?post_type=product&#038;p=1366"},"modified":"2024-03-12T23:19:12","modified_gmt":"2024-03-12T20:19:12","slug":"fg70-plus","status":"publish","type":"product","link":"https:\/\/visaodistri.com.br\/?product=fg70-plus","title":{"rendered":"ELETRIFICADOR FOGGIATTO FG70PLUS 1.500.000m\u00b2"},"content":{"rendered":"<p>ELETRIFICADOR FG70Plus<br \/>\n10 joules de energia liberada<br \/>\n1.500.000M\u00b2 ( 150 hectares ) de \u00e1rea<br \/>\ncercada 5000m lineares de cerca<br \/>\nsimples ou 10.000m lineares<br \/>\nde cerca dupla<br \/>\nTens\u00e3o de sa\u00edda para a cerca sem carga : 12,9kv sem carga<br \/>\nConsumo 5,9wh,<br \/>\npulso + ou &#8211; 1 por segundo<br \/>\nBi volts 127v\/220v<br \/>\nPadr\u00e3o INMETRO de qualidade<\/p>\n","protected":false},"excerpt":{"rendered":"<p>ELETRIFICADOR FG70Plus 10 joules de energia liberada 1.500.000M\u00b2 ( 150 hectares ) de \u00e1rea cercada 5000m lineares de cerca simples ou 10.000m lineares de cerca dupla Tens\u00e3o de sa\u00edda para a cerca sem carga : 12,9kv sem carga Consumo 5,9wh, pulso + ou &#8211; 1 por segundo Bi volts 127v\/220v Padr\u00e3o INMETRO de qualidade<\/p>\n","protected":false},"featured_media":1367,"comment_status":"open","ping_status":"closed","template":"","meta":{"om_disable_all_campaigns":false,"_mi_skip_tracking":false,"_monsterinsights_sitenote_active":false,"_monsterinsights_sitenote_note":"","_monsterinsights_sitenote_category":0},"product_cat":[39],"product_tag":[],"aioseo_notices":[],"_links":{"self":[{"href":"https:\/\/visaodistri.com.br\/index.php?rest_route=\/wp\/v2\/product\/1366"}],"collection":[{"href":"https:\/\/visaodistri.com.br\/index.php?rest_route=\/wp\/v2\/product"}],"about":[{"href":"https:\/\/visaodistri.com.br\/index.php?rest_route=\/wp\/v2\/types\/product"}],"replies":[{"embeddable":true,"href":"https:\/\/visaodistri.com.br\/index.php?rest_route=%2Fwp%2Fv2%2Fcomments&post=1366"}],"wp:featuredmedia":[{"embeddable":true,"href":"https:\/\/visaodistri.com.br\/index.php?rest_route=\/wp\/v2\/media\/1367"}],"wp:attachment":[{"href":"https:\/\/visaodistri.com.br\/index.php?rest_route=%2Fwp%2Fv2%2Fmedia&parent=1366"}],"wp:term":[{"taxonomy":"product_cat","embeddable":true,"href":"https:\/\/visaodistri.com.br\/index.php?rest_route=%2Fwp%2Fv2%2Fproduct_cat&post=1366"},{"taxonomy":"product_tag","embeddable":true,"href":"https:\/\/visaodistri.com.br\/index.php?rest_route=%2Fwp%2Fv2%2Fproduct_tag&post=1366"}],"curies":[{"name":"wp","href":"https:\/\/api.w.org\/{rel}","templated":true}]}}