{"id":1356,"date":"2023-03-04T20:32:06","date_gmt":"2023-03-04T17:32:06","guid":{"rendered":"https:\/\/visaodistri.com.br\/?post_type=product&#038;p=1356"},"modified":"2024-03-13T15:49:45","modified_gmt":"2024-03-13T12:49:45","slug":"fg12","status":"publish","type":"product","link":"https:\/\/visaodistri.com.br\/?product=fg12","title":{"rendered":"ELETRIFICADOR FOGGIATTO FG12 120.000M\u00b2"},"content":{"rendered":"<p>ELETRIFICADOR FG12<\/p>\n<p>R\u00e1io de a\u00e7\u00e3o: 1800m<br \/>\nEnergia: 4 joules<br \/>\n\u00c1rea cercada: 120.000m\u00b2<br \/>\nMetragem Linear: 12.000m<br \/>\nTen\u00e7\u00e3o de sa\u00edda: 11,9kv<br \/>\nConsumo: 2,5 wh<br \/>\nAlimenta\u00e7\u00e3o: 127v\/220v<br \/>\nPadr\u00e3o INMETRO de qualidade!<\/p>\n","protected":false},"excerpt":{"rendered":"<p>ELETRIFICADOR FG12 R\u00e1io de a\u00e7\u00e3o: 1800m Energia: 4 joules \u00c1rea cercada: 120.000m\u00b2 Metragem Linear: 12.000m Ten\u00e7\u00e3o de sa\u00edda: 11,9kv Consumo: 2,5 wh Alimenta\u00e7\u00e3o: 127v\/220v Padr\u00e3o INMETRO de qualidade!<\/p>\n","protected":false},"featured_media":1357,"comment_status":"open","ping_status":"closed","template":"","meta":{"om_disable_all_campaigns":false,"_mi_skip_tracking":false,"_monsterinsights_sitenote_active":false,"_monsterinsights_sitenote_note":"","_monsterinsights_sitenote_category":0},"product_cat":[39],"product_tag":[],"aioseo_notices":[],"_links":{"self":[{"href":"https:\/\/visaodistri.com.br\/index.php?rest_route=\/wp\/v2\/product\/1356"}],"collection":[{"href":"https:\/\/visaodistri.com.br\/index.php?rest_route=\/wp\/v2\/product"}],"about":[{"href":"https:\/\/visaodistri.com.br\/index.php?rest_route=\/wp\/v2\/types\/product"}],"replies":[{"embeddable":true,"href":"https:\/\/visaodistri.com.br\/index.php?rest_route=%2Fwp%2Fv2%2Fcomments&post=1356"}],"wp:featuredmedia":[{"embeddable":true,"href":"https:\/\/visaodistri.com.br\/index.php?rest_route=\/wp\/v2\/media\/1357"}],"wp:attachment":[{"href":"https:\/\/visaodistri.com.br\/index.php?rest_route=%2Fwp%2Fv2%2Fmedia&parent=1356"}],"wp:term":[{"taxonomy":"product_cat","embeddable":true,"href":"https:\/\/visaodistri.com.br\/index.php?rest_route=%2Fwp%2Fv2%2Fproduct_cat&post=1356"},{"taxonomy":"product_tag","embeddable":true,"href":"https:\/\/visaodistri.com.br\/index.php?rest_route=%2Fwp%2Fv2%2Fproduct_tag&post=1356"}],"curies":[{"name":"wp","href":"https:\/\/api.w.org\/{rel}","templated":true}]}}