{"id":1342,"date":"2023-03-04T17:30:38","date_gmt":"2023-03-04T14:30:38","guid":{"rendered":"https:\/\/visaodistri.com.br\/?post_type=product&#038;p=1342"},"modified":"2023-08-07T21:28:48","modified_gmt":"2023-08-07T18:28:48","slug":"18544-spot-solar-20-lm-3000k","status":"publish","type":"product","link":"https:\/\/visaodistri.com.br\/?product=18544-spot-solar-20-lm-3000k","title":{"rendered":"18582 &#8211; CONJ 2 UNIDS ESPETO SPOT SOLAR ABS 10LM 6000K"},"content":{"rendered":"<p>A Spot Solar ABS 10 Lumens Ecoforce \u00e9 um produto ecol\u00f3gico, alimentado por energia solar atrav\u00e9s de um painel que converte a luz do Sol em energia el\u00e9trica carregando a bateria interna durante o dia. Sua instala\u00e7\u00e3o deve ser em local que receba o m\u00e1ximo de luz solar e ao escurecer um sensor fotossens\u00edvel acender\u00e1 a lumin\u00e1ria automaticamente. Resistente \u00e0 \u00e1gua, \u00e9 ideal para locais que precisam de um foco de luz, destacando aquilo que deve ser valorizado no jardim. O painel solar articulado permite o melhor direcionamento para o Sol e melhor carregamento da bateria. A fonte de ilumina\u00e7\u00e3o \u00e9 um LED branco, que pode permanecer aceso por at\u00e9 10 horas ap\u00f3s carga de um dia inteiro de Sol.<\/p>\n","protected":false},"excerpt":{"rendered":"<p>A Spot Solar ABS 10 Lumens Ecoforce \u00e9 um produto ecol\u00f3gico, alimentado por energia solar atrav\u00e9s de um painel que converte a luz do Sol em energia el\u00e9trica carregando a bateria interna durante o dia. Sua instala\u00e7\u00e3o deve ser em local que receba o m\u00e1ximo de luz solar e ao escurecer um sensor fotossens\u00edvel acender\u00e1 [&hellip;]<\/p>\n","protected":false},"featured_media":951,"comment_status":"open","ping_status":"closed","template":"","meta":{"om_disable_all_campaigns":false,"_mi_skip_tracking":false,"_monsterinsights_sitenote_active":false,"_monsterinsights_sitenote_note":"","_monsterinsights_sitenote_category":0},"product_cat":[26],"product_tag":[],"aioseo_notices":[],"_links":{"self":[{"href":"https:\/\/visaodistri.com.br\/index.php?rest_route=\/wp\/v2\/product\/1342"}],"collection":[{"href":"https:\/\/visaodistri.com.br\/index.php?rest_route=\/wp\/v2\/product"}],"about":[{"href":"https:\/\/visaodistri.com.br\/index.php?rest_route=\/wp\/v2\/types\/product"}],"replies":[{"embeddable":true,"href":"https:\/\/visaodistri.com.br\/index.php?rest_route=%2Fwp%2Fv2%2Fcomments&post=1342"}],"wp:featuredmedia":[{"embeddable":true,"href":"https:\/\/visaodistri.com.br\/index.php?rest_route=\/wp\/v2\/media\/951"}],"wp:attachment":[{"href":"https:\/\/visaodistri.com.br\/index.php?rest_route=%2Fwp%2Fv2%2Fmedia&parent=1342"}],"wp:term":[{"taxonomy":"product_cat","embeddable":true,"href":"https:\/\/visaodistri.com.br\/index.php?rest_route=%2Fwp%2Fv2%2Fproduct_cat&post=1342"},{"taxonomy":"product_tag","embeddable":true,"href":"https:\/\/visaodistri.com.br\/index.php?rest_route=%2Fwp%2Fv2%2Fproduct_tag&post=1342"}],"curies":[{"name":"wp","href":"https:\/\/api.w.org\/{rel}","templated":true}]}}