{"id":1341,"date":"2023-03-04T17:29:18","date_gmt":"2023-03-04T14:29:18","guid":{"rendered":"https:\/\/visaodistri.com.br\/?post_type=product&#038;p=1341"},"modified":"2023-08-07T21:17:13","modified_gmt":"2023-08-07T18:17:13","slug":"18544-spot-solar-20-lm-3000k-luz-verde","status":"publish","type":"product","link":"https:\/\/visaodistri.com.br\/?product=18544-spot-solar-20-lm-3000k-luz-verde","title":{"rendered":"18544 &#8211; ESPETO SPOT SOLAR ABS 20LM VERDE"},"content":{"rendered":"<p>A lumin\u00e1ria solar espeto spot solar led abs 20lm verde. A espeto spot solar superled 20 lumens ecoforce \u00e9 um produto ecol\u00f3gico, alimentado por energia solar atrav\u00e9s de um painel que converte a luz do sol em energia el\u00e9trica carregando a bateria interna durante o dia. Sua instala\u00e7\u00e3o deve ser em local que receba o m\u00e1ximo de luz solar e ao escurecer um sensor fotossens\u00edvel acender\u00e1 a lumin\u00e1ria automaticamente. Resistente \u00e0 \u00e1gua, \u00e9 ideal para locais que precisam de um foco de luz, destacando aquilo que deve ser valorizado no jardim. Possui um sistema de dimeriza\u00e7\u00e3o inteligente que reduz a ilumina\u00e7\u00e3o de acordo com a quantidade de carga da bateria para prolongar ainda mais a autonomia da lumin\u00e1ria. Suas articula\u00e7\u00f5es permitem o melhor direcionamento da ilumina\u00e7\u00e3o durante a noite e otimizam a absor\u00e7\u00e3o da luz do sol para melhor carregamento durante o dia. A fonte de ilumina\u00e7\u00e3o \u00e9 um led amarelo, que pode permanecer aceso por at\u00e9 10 horas ap\u00f3s carga de um dia inteiro de sol.<\/p>\n","protected":false},"excerpt":{"rendered":"<p>A lumin\u00e1ria solar espeto spot solar led abs 20lm verde. A espeto spot solar superled 20 lumens ecoforce \u00e9 um produto ecol\u00f3gico, alimentado por energia solar atrav\u00e9s de um painel que converte a luz do sol em energia el\u00e9trica carregando a bateria interna durante o dia. Sua instala\u00e7\u00e3o deve ser em local que receba o [&hellip;]<\/p>\n","protected":false},"featured_media":952,"comment_status":"open","ping_status":"closed","template":"","meta":{"om_disable_all_campaigns":false,"_mi_skip_tracking":false,"_monsterinsights_sitenote_active":false,"_monsterinsights_sitenote_note":"","_monsterinsights_sitenote_category":0},"product_cat":[26],"product_tag":[],"aioseo_notices":[],"_links":{"self":[{"href":"https:\/\/visaodistri.com.br\/index.php?rest_route=\/wp\/v2\/product\/1341"}],"collection":[{"href":"https:\/\/visaodistri.com.br\/index.php?rest_route=\/wp\/v2\/product"}],"about":[{"href":"https:\/\/visaodistri.com.br\/index.php?rest_route=\/wp\/v2\/types\/product"}],"replies":[{"embeddable":true,"href":"https:\/\/visaodistri.com.br\/index.php?rest_route=%2Fwp%2Fv2%2Fcomments&post=1341"}],"wp:featuredmedia":[{"embeddable":true,"href":"https:\/\/visaodistri.com.br\/index.php?rest_route=\/wp\/v2\/media\/952"}],"wp:attachment":[{"href":"https:\/\/visaodistri.com.br\/index.php?rest_route=%2Fwp%2Fv2%2Fmedia&parent=1341"}],"wp:term":[{"taxonomy":"product_cat","embeddable":true,"href":"https:\/\/visaodistri.com.br\/index.php?rest_route=%2Fwp%2Fv2%2Fproduct_cat&post=1341"},{"taxonomy":"product_tag","embeddable":true,"href":"https:\/\/visaodistri.com.br\/index.php?rest_route=%2Fwp%2Fv2%2Fproduct_tag&post=1341"}],"curies":[{"name":"wp","href":"https:\/\/api.w.org\/{rel}","templated":true}]}}