{"id":1337,"date":"2023-03-04T17:22:53","date_gmt":"2023-03-04T14:22:53","guid":{"rendered":"https:\/\/visaodistri.com.br\/?post_type=product&#038;p=1337"},"modified":"2023-08-07T22:49:01","modified_gmt":"2023-08-07T19:49:01","slug":"balizador-verde-18615","status":"publish","type":"product","link":"https:\/\/visaodistri.com.br\/?product=balizador-verde-18615","title":{"rendered":"18615 &#8211; BALIZADOR SOLAR ABS 3LM LUZ VERDE"},"content":{"rendered":"<p>Transforme o cen\u00e1rio do seu jardim, sem custo na conta de energia el\u00e9trica, acrescentando o charme e a eleg\u00e2ncia da ilumina\u00e7\u00e3o solar decorativa. O Balizador Solar \u00e9 um produto ecol\u00f3gico, produzido com tecnologias de ponta e os mais altos padr\u00f5es de qualidade. \u00c9 alimentado por energia solar atrav\u00e9s de um painel que converte a luz do sol em energia el\u00e9trica recarregando a bateria interna durante o dia. Sua instala\u00e7\u00e3o r\u00e1pida e pr\u00e1tica deve ser em local que receba o m\u00e1ximo de luz solar e ao escurecer um sensor fotossens\u00edvel acender\u00e1 a lumin\u00e1ria automaticamente. Resistente \u00e0 \u00e1gua e de alta durabilidade, pode ser facilmente aplicado para balizar e decorar \u00e1reas externas. A fonte de ilumina\u00e7\u00e3o \u00e9 um LED branco, que pode permanecer aceso por at\u00e9 10 horas ap\u00f3s carga de um dia inteiro de Sol.<\/p>\n","protected":false},"excerpt":{"rendered":"<p>Transforme o cen\u00e1rio do seu jardim, sem custo na conta de energia el\u00e9trica, acrescentando o charme e a eleg\u00e2ncia da ilumina\u00e7\u00e3o solar decorativa. O Balizador Solar \u00e9 um produto ecol\u00f3gico, produzido com tecnologias de ponta e os mais altos padr\u00f5es de qualidade. \u00c9 alimentado por energia solar atrav\u00e9s de um painel que converte a luz [&hellip;]<\/p>\n","protected":false},"featured_media":958,"comment_status":"open","ping_status":"closed","template":"","meta":{"om_disable_all_campaigns":false,"_mi_skip_tracking":false,"_monsterinsights_sitenote_active":false,"_monsterinsights_sitenote_note":"","_monsterinsights_sitenote_category":0},"product_cat":[26],"product_tag":[],"aioseo_notices":[],"_links":{"self":[{"href":"https:\/\/visaodistri.com.br\/index.php?rest_route=\/wp\/v2\/product\/1337"}],"collection":[{"href":"https:\/\/visaodistri.com.br\/index.php?rest_route=\/wp\/v2\/product"}],"about":[{"href":"https:\/\/visaodistri.com.br\/index.php?rest_route=\/wp\/v2\/types\/product"}],"replies":[{"embeddable":true,"href":"https:\/\/visaodistri.com.br\/index.php?rest_route=%2Fwp%2Fv2%2Fcomments&post=1337"}],"wp:featuredmedia":[{"embeddable":true,"href":"https:\/\/visaodistri.com.br\/index.php?rest_route=\/wp\/v2\/media\/958"}],"wp:attachment":[{"href":"https:\/\/visaodistri.com.br\/index.php?rest_route=%2Fwp%2Fv2%2Fmedia&parent=1337"}],"wp:term":[{"taxonomy":"product_cat","embeddable":true,"href":"https:\/\/visaodistri.com.br\/index.php?rest_route=%2Fwp%2Fv2%2Fproduct_cat&post=1337"},{"taxonomy":"product_tag","embeddable":true,"href":"https:\/\/visaodistri.com.br\/index.php?rest_route=%2Fwp%2Fv2%2Fproduct_tag&post=1337"}],"curies":[{"name":"wp","href":"https:\/\/api.w.org\/{rel}","templated":true}]}}