{"id":1332,"date":"2023-03-04T17:18:55","date_gmt":"2023-03-04T14:18:55","guid":{"rendered":"https:\/\/visaodistri.com.br\/?post_type=product&#038;p=1332"},"modified":"2023-08-18T20:08:52","modified_gmt":"2023-08-18T17:08:52","slug":"conector-de-mangueira-1594","status":"publish","type":"product","link":"https:\/\/visaodistri.com.br\/?product=conector-de-mangueira-1594","title":{"rendered":"BFH1496 &#8211; CONECTOR DE MANGUEIRA 12POL PASSAGEM LIVRE"},"content":{"rendered":"<p>Engate r\u00e1pido para mangueira de 1\/2&#8243; Bestfer. Faz a liga\u00e7\u00e3o do sistema com a rede da \u00e1gua e com os pontos de sa\u00edda. Para engate da Torneira para Mangueira. Sistema intercambi\u00e1vel que se adapta a todo o sistema de irriga\u00e7\u00e3o.<\/p>\n","protected":false},"excerpt":{"rendered":"<p>Engate r\u00e1pido para mangueira de 1\/2&#8243; Bestfer. Faz a liga\u00e7\u00e3o do sistema com a rede da \u00e1gua e com os pontos de sa\u00edda. Para engate da Torneira para Mangueira. Sistema intercambi\u00e1vel que se adapta a todo o sistema de irriga\u00e7\u00e3o.<\/p>\n","protected":false},"featured_media":1333,"comment_status":"open","ping_status":"closed","template":"","meta":{"om_disable_all_campaigns":false,"_mi_skip_tracking":false,"_monsterinsights_sitenote_active":false,"_monsterinsights_sitenote_note":"","_monsterinsights_sitenote_category":0},"product_cat":[26],"product_tag":[],"aioseo_notices":[],"_links":{"self":[{"href":"https:\/\/visaodistri.com.br\/index.php?rest_route=\/wp\/v2\/product\/1332"}],"collection":[{"href":"https:\/\/visaodistri.com.br\/index.php?rest_route=\/wp\/v2\/product"}],"about":[{"href":"https:\/\/visaodistri.com.br\/index.php?rest_route=\/wp\/v2\/types\/product"}],"replies":[{"embeddable":true,"href":"https:\/\/visaodistri.com.br\/index.php?rest_route=%2Fwp%2Fv2%2Fcomments&post=1332"}],"wp:featuredmedia":[{"embeddable":true,"href":"https:\/\/visaodistri.com.br\/index.php?rest_route=\/wp\/v2\/media\/1333"}],"wp:attachment":[{"href":"https:\/\/visaodistri.com.br\/index.php?rest_route=%2Fwp%2Fv2%2Fmedia&parent=1332"}],"wp:term":[{"taxonomy":"product_cat","embeddable":true,"href":"https:\/\/visaodistri.com.br\/index.php?rest_route=%2Fwp%2Fv2%2Fproduct_cat&post=1332"},{"taxonomy":"product_tag","embeddable":true,"href":"https:\/\/visaodistri.com.br\/index.php?rest_route=%2Fwp%2Fv2%2Fproduct_tag&post=1332"}],"curies":[{"name":"wp","href":"https:\/\/api.w.org\/{rel}","templated":true}]}}