{"id":1330,"date":"2023-03-04T17:18:18","date_gmt":"2023-03-04T14:18:18","guid":{"rendered":"https:\/\/visaodistri.com.br\/?post_type=product&#038;p=1330"},"modified":"2023-08-18T22:52:22","modified_gmt":"2023-08-18T19:52:22","slug":"bico-de-torneira-1494","status":"publish","type":"product","link":"https:\/\/visaodistri.com.br\/?product=bico-de-torneira-1494","title":{"rendered":"BFH1494 &#8211; BICO P\/ TORNEIRA ENGATE RAPIDO"},"content":{"rendered":"<p>\u00c9 um pequeno adaptador que se rosqueia na torneira e a converte em um conector mangueira, tem como fun\u00e7\u00e3o unir a torneira ao sistema. Praticidade para rega programada, promovendo economia de \u00e1gua.<br \/>\nVers\u00e1til, possui produtos para as necessidades de irriga\u00e7\u00e3o dom\u00e9sticas.<br \/>\nF\u00e1cil de montar.<br \/>\nDesign arredondado que evita danos ao jardim.<\/p>\n","protected":false},"excerpt":{"rendered":"<p>\u00c9 um pequeno adaptador que se rosqueia na torneira e a converte em um conector mangueira, tem como fun\u00e7\u00e3o unir a torneira ao sistema. Praticidade para rega programada, promovendo economia de \u00e1gua. Vers\u00e1til, possui produtos para as necessidades de irriga\u00e7\u00e3o dom\u00e9sticas. F\u00e1cil de montar. Design arredondado que evita danos ao jardim.<\/p>\n","protected":false},"featured_media":1331,"comment_status":"open","ping_status":"closed","template":"","meta":{"om_disable_all_campaigns":false,"_mi_skip_tracking":false,"_monsterinsights_sitenote_active":false,"_monsterinsights_sitenote_note":"","_monsterinsights_sitenote_category":0},"product_cat":[26],"product_tag":[],"aioseo_notices":[],"_links":{"self":[{"href":"https:\/\/visaodistri.com.br\/index.php?rest_route=\/wp\/v2\/product\/1330"}],"collection":[{"href":"https:\/\/visaodistri.com.br\/index.php?rest_route=\/wp\/v2\/product"}],"about":[{"href":"https:\/\/visaodistri.com.br\/index.php?rest_route=\/wp\/v2\/types\/product"}],"replies":[{"embeddable":true,"href":"https:\/\/visaodistri.com.br\/index.php?rest_route=%2Fwp%2Fv2%2Fcomments&post=1330"}],"wp:featuredmedia":[{"embeddable":true,"href":"https:\/\/visaodistri.com.br\/index.php?rest_route=\/wp\/v2\/media\/1331"}],"wp:attachment":[{"href":"https:\/\/visaodistri.com.br\/index.php?rest_route=%2Fwp%2Fv2%2Fmedia&parent=1330"}],"wp:term":[{"taxonomy":"product_cat","embeddable":true,"href":"https:\/\/visaodistri.com.br\/index.php?rest_route=%2Fwp%2Fv2%2Fproduct_cat&post=1330"},{"taxonomy":"product_tag","embeddable":true,"href":"https:\/\/visaodistri.com.br\/index.php?rest_route=%2Fwp%2Fv2%2Fproduct_tag&post=1330"}],"curies":[{"name":"wp","href":"https:\/\/api.w.org\/{rel}","templated":true}]}}