{"id":1326,"date":"2023-03-04T17:16:54","date_gmt":"2023-03-04T14:16:54","guid":{"rendered":"https:\/\/visaodistri.com.br\/?post_type=product&#038;p=1326"},"modified":"2023-08-19T00:06:33","modified_gmt":"2023-08-18T21:06:33","slug":"esguicho-1491","status":"publish","type":"product","link":"https:\/\/visaodistri.com.br\/?product=esguicho-1491","title":{"rendered":"BFH1491 &#8211; ESGUICHO TIPO PISTOLA CONEC CURTO TRAVA"},"content":{"rendered":"<p>Esguicho para mangueira com conector curto com trava, bico com regulagem de vaz\u00e3o de \u00e1gua, gatilho com trava com vaz\u00e3o de \u00e1gua cont\u00ednua, sem necessidade de manter apertado a pistola. Ideal para regar plantas, jardim, lavar quintal, cal\u00e7adas, Garagens, carros e muito mais. Conector Rosqueavel Com O-rang De Veda\u00e7\u00e3o Para Evitar Vazamento. Pr\u00e1tico e seguro. Pistola e gatilho com trava.<\/p>\n","protected":false},"excerpt":{"rendered":"<p>Esguicho para mangueira com conector curto com trava, bico com regulagem de vaz\u00e3o de \u00e1gua, gatilho com trava com vaz\u00e3o de \u00e1gua cont\u00ednua, sem necessidade de manter apertado a pistola. Ideal para regar plantas, jardim, lavar quintal, cal\u00e7adas, Garagens, carros e muito mais. Conector Rosqueavel Com O-rang De Veda\u00e7\u00e3o Para Evitar Vazamento. Pr\u00e1tico e seguro. [&hellip;]<\/p>\n","protected":false},"featured_media":1327,"comment_status":"open","ping_status":"closed","template":"","meta":{"om_disable_all_campaigns":false,"_mi_skip_tracking":false,"_monsterinsights_sitenote_active":false,"_monsterinsights_sitenote_note":"","_monsterinsights_sitenote_category":0},"product_cat":[26],"product_tag":[],"aioseo_notices":[],"_links":{"self":[{"href":"https:\/\/visaodistri.com.br\/index.php?rest_route=\/wp\/v2\/product\/1326"}],"collection":[{"href":"https:\/\/visaodistri.com.br\/index.php?rest_route=\/wp\/v2\/product"}],"about":[{"href":"https:\/\/visaodistri.com.br\/index.php?rest_route=\/wp\/v2\/types\/product"}],"replies":[{"embeddable":true,"href":"https:\/\/visaodistri.com.br\/index.php?rest_route=%2Fwp%2Fv2%2Fcomments&post=1326"}],"wp:featuredmedia":[{"embeddable":true,"href":"https:\/\/visaodistri.com.br\/index.php?rest_route=\/wp\/v2\/media\/1327"}],"wp:attachment":[{"href":"https:\/\/visaodistri.com.br\/index.php?rest_route=%2Fwp%2Fv2%2Fmedia&parent=1326"}],"wp:term":[{"taxonomy":"product_cat","embeddable":true,"href":"https:\/\/visaodistri.com.br\/index.php?rest_route=%2Fwp%2Fv2%2Fproduct_cat&post=1326"},{"taxonomy":"product_tag","embeddable":true,"href":"https:\/\/visaodistri.com.br\/index.php?rest_route=%2Fwp%2Fv2%2Fproduct_tag&post=1326"}],"curies":[{"name":"wp","href":"https:\/\/api.w.org\/{rel}","templated":true}]}}