{"id":1324,"date":"2023-03-04T17:16:11","date_gmt":"2023-03-04T14:16:11","guid":{"rendered":"https:\/\/visaodistri.com.br\/?post_type=product&#038;p=1324"},"modified":"2023-08-19T00:14:08","modified_gmt":"2023-08-18T21:14:08","slug":"esguicho-1493","status":"publish","type":"product","link":"https:\/\/visaodistri.com.br\/?product=esguicho-1493","title":{"rendered":"BHF1493 &#8211; ESGUICHO MANGUEIRA 7 TIPOS DE JATO C\/TRAVA"},"content":{"rendered":"<p>Esse esguicho \u00e9 ideal para irrigar jardins, pois j\u00e1 vem com conector macho para engate r\u00e1pido \u00bd!<br \/>\nUtilizada em qualquer mangueira de jardim, jato com 7 posi\u00e7\u00f5es de ajuste (Jato, jato de precis\u00e3o, n\u00e9voa, leque angulado, leque horizontal, leque vertical e torneira); escolha o jato ideal entre as fun\u00e7\u00f5es e facilite muito seu dia-a-dia!<br \/>\nCom gatilho liga\/desliga, contempla trava para jato cont\u00ednuo!<\/p>\n","protected":false},"excerpt":{"rendered":"<p>Esse esguicho \u00e9 ideal para irrigar jardins, pois j\u00e1 vem com conector macho para engate r\u00e1pido \u00bd! Utilizada em qualquer mangueira de jardim, jato com 7 posi\u00e7\u00f5es de ajuste (Jato, jato de precis\u00e3o, n\u00e9voa, leque angulado, leque horizontal, leque vertical e torneira); escolha o jato ideal entre as fun\u00e7\u00f5es e facilite muito seu dia-a-dia! Com [&hellip;]<\/p>\n","protected":false},"featured_media":1325,"comment_status":"open","ping_status":"closed","template":"","meta":{"om_disable_all_campaigns":false,"_mi_skip_tracking":false,"_monsterinsights_sitenote_active":false,"_monsterinsights_sitenote_note":"","_monsterinsights_sitenote_category":0},"product_cat":[26],"product_tag":[],"aioseo_notices":[],"_links":{"self":[{"href":"https:\/\/visaodistri.com.br\/index.php?rest_route=\/wp\/v2\/product\/1324"}],"collection":[{"href":"https:\/\/visaodistri.com.br\/index.php?rest_route=\/wp\/v2\/product"}],"about":[{"href":"https:\/\/visaodistri.com.br\/index.php?rest_route=\/wp\/v2\/types\/product"}],"replies":[{"embeddable":true,"href":"https:\/\/visaodistri.com.br\/index.php?rest_route=%2Fwp%2Fv2%2Fcomments&post=1324"}],"wp:featuredmedia":[{"embeddable":true,"href":"https:\/\/visaodistri.com.br\/index.php?rest_route=\/wp\/v2\/media\/1325"}],"wp:attachment":[{"href":"https:\/\/visaodistri.com.br\/index.php?rest_route=%2Fwp%2Fv2%2Fmedia&parent=1324"}],"wp:term":[{"taxonomy":"product_cat","embeddable":true,"href":"https:\/\/visaodistri.com.br\/index.php?rest_route=%2Fwp%2Fv2%2Fproduct_cat&post=1324"},{"taxonomy":"product_tag","embeddable":true,"href":"https:\/\/visaodistri.com.br\/index.php?rest_route=%2Fwp%2Fv2%2Fproduct_tag&post=1324"}],"curies":[{"name":"wp","href":"https:\/\/api.w.org\/{rel}","templated":true}]}}