{"id":1320,"date":"2023-03-04T17:05:26","date_gmt":"2023-03-04T14:05:26","guid":{"rendered":"https:\/\/visaodistri.com.br\/?post_type=product&#038;p=1320"},"modified":"2023-06-19T21:33:42","modified_gmt":"2023-06-19T18:33:42","slug":"iluminacao-cachorro","status":"publish","type":"product","link":"https:\/\/visaodistri.com.br\/?product=iluminacao-cachorro","title":{"rendered":"LN30020 &#8211; LUZ NOTURNA LED KIDS CACHORRO COM BOTAO"},"content":{"rendered":"<p>A Luz Noturna Kids Empalux \u00e9 ideal para ilumina\u00e7\u00e3o suave para o quarto, corredor e banheiro das crian\u00e7as. Possui pot\u00eancia suficiente para iluminar sem atrapalhar a noite de sono dos pequenos. Para o funcionamento, basta plugar o produto na tomada e acionar o bot\u00e3o de liga\/desliga.<\/p>\n","protected":false},"excerpt":{"rendered":"<p>A Luz Noturna Kids Empalux \u00e9 ideal para ilumina\u00e7\u00e3o suave para o quarto, corredor e banheiro das crian\u00e7as. Possui pot\u00eancia suficiente para iluminar sem atrapalhar a noite de sono dos pequenos. Para o funcionamento, basta plugar o produto na tomada e acionar o bot\u00e3o de liga\/desliga.<\/p>\n","protected":false},"featured_media":1321,"comment_status":"open","ping_status":"closed","template":"","meta":{"om_disable_all_campaigns":false,"_mi_skip_tracking":false,"_monsterinsights_sitenote_active":false,"_monsterinsights_sitenote_note":"","_monsterinsights_sitenote_category":0},"product_cat":[28],"product_tag":[],"aioseo_notices":[],"_links":{"self":[{"href":"https:\/\/visaodistri.com.br\/index.php?rest_route=\/wp\/v2\/product\/1320"}],"collection":[{"href":"https:\/\/visaodistri.com.br\/index.php?rest_route=\/wp\/v2\/product"}],"about":[{"href":"https:\/\/visaodistri.com.br\/index.php?rest_route=\/wp\/v2\/types\/product"}],"replies":[{"embeddable":true,"href":"https:\/\/visaodistri.com.br\/index.php?rest_route=%2Fwp%2Fv2%2Fcomments&post=1320"}],"wp:featuredmedia":[{"embeddable":true,"href":"https:\/\/visaodistri.com.br\/index.php?rest_route=\/wp\/v2\/media\/1321"}],"wp:attachment":[{"href":"https:\/\/visaodistri.com.br\/index.php?rest_route=%2Fwp%2Fv2%2Fmedia&parent=1320"}],"wp:term":[{"taxonomy":"product_cat","embeddable":true,"href":"https:\/\/visaodistri.com.br\/index.php?rest_route=%2Fwp%2Fv2%2Fproduct_cat&post=1320"},{"taxonomy":"product_tag","embeddable":true,"href":"https:\/\/visaodistri.com.br\/index.php?rest_route=%2Fwp%2Fv2%2Fproduct_tag&post=1320"}],"curies":[{"name":"wp","href":"https:\/\/api.w.org\/{rel}","templated":true}]}}