{"id":1318,"date":"2023-03-04T17:03:50","date_gmt":"2023-03-04T14:03:50","guid":{"rendered":"https:\/\/visaodistri.com.br\/?post_type=product&#038;p=1318"},"modified":"2023-06-19T21:34:53","modified_gmt":"2023-06-19T18:34:53","slug":"iluminacao-abelha","status":"publish","type":"product","link":"https:\/\/visaodistri.com.br\/?product=iluminacao-abelha","title":{"rendered":"LN30010 &#8211; LUZ NOTURNA LED KIDS ABELHINHA COM BOTAO"},"content":{"rendered":"<p>A Luz Noturna Kids Empalux \u00e9 ideal para ilumina\u00e7\u00e3o suave para o quarto, corredor e banheiro das crian\u00e7as. Possui pot\u00eancia suficiente para iluminar sem atrapalhar a noite de sono dos pequenos. Para o funcionamento, basta plugar o produto na tomada e acionar o bot\u00e3o de liga\/desliga.<\/p>\n","protected":false},"excerpt":{"rendered":"<p>A Luz Noturna Kids Empalux \u00e9 ideal para ilumina\u00e7\u00e3o suave para o quarto, corredor e banheiro das crian\u00e7as. Possui pot\u00eancia suficiente para iluminar sem atrapalhar a noite de sono dos pequenos. Para o funcionamento, basta plugar o produto na tomada e acionar o bot\u00e3o de liga\/desliga.<\/p>\n","protected":false},"featured_media":1319,"comment_status":"open","ping_status":"closed","template":"","meta":{"om_disable_all_campaigns":false,"_mi_skip_tracking":false,"_monsterinsights_sitenote_active":false,"_monsterinsights_sitenote_note":"","_monsterinsights_sitenote_category":0},"product_cat":[28],"product_tag":[],"aioseo_notices":[],"_links":{"self":[{"href":"https:\/\/visaodistri.com.br\/index.php?rest_route=\/wp\/v2\/product\/1318"}],"collection":[{"href":"https:\/\/visaodistri.com.br\/index.php?rest_route=\/wp\/v2\/product"}],"about":[{"href":"https:\/\/visaodistri.com.br\/index.php?rest_route=\/wp\/v2\/types\/product"}],"replies":[{"embeddable":true,"href":"https:\/\/visaodistri.com.br\/index.php?rest_route=%2Fwp%2Fv2%2Fcomments&post=1318"}],"wp:featuredmedia":[{"embeddable":true,"href":"https:\/\/visaodistri.com.br\/index.php?rest_route=\/wp\/v2\/media\/1319"}],"wp:attachment":[{"href":"https:\/\/visaodistri.com.br\/index.php?rest_route=%2Fwp%2Fv2%2Fmedia&parent=1318"}],"wp:term":[{"taxonomy":"product_cat","embeddable":true,"href":"https:\/\/visaodistri.com.br\/index.php?rest_route=%2Fwp%2Fv2%2Fproduct_cat&post=1318"},{"taxonomy":"product_tag","embeddable":true,"href":"https:\/\/visaodistri.com.br\/index.php?rest_route=%2Fwp%2Fv2%2Fproduct_tag&post=1318"}],"curies":[{"name":"wp","href":"https:\/\/api.w.org\/{rel}","templated":true}]}}