{"id":1314,"date":"2023-03-04T16:47:39","date_gmt":"2023-03-04T13:47:39","guid":{"rendered":"https:\/\/visaodistri.com.br\/?post_type=product&#038;p=1314"},"modified":"2023-06-19T22:30:01","modified_gmt":"2023-06-19T19:30:01","slug":"iluminacao-elefante","status":"publish","type":"product","link":"https:\/\/visaodistri.com.br\/?product=iluminacao-elefante","title":{"rendered":"ID 8669 &#8211; LUMIN\u00c1RIA ELEFANTE 26 LED"},"content":{"rendered":"<p>Lumin\u00e1ria recarreg\u00e1vel infantil Idea de 26 Led elefante Id-8669 \u00e9 uma lumin\u00e1ria de mesa m\u00e1gica que definitivamente ilumina em qualquer lugar que voc\u00ea desejar, girando com facilidade para cima, para baixo e para os lados. Incr\u00edvel op\u00e7\u00e3o para utilizar para leituras, costuras, artesanatos entre outros.<br \/>\nAl\u00e9m disso, \u00e9 poss\u00edvel coloc\u00e1-la em cima de uma mesa e em outros espa\u00e7os pequenos. Suas articula\u00e7\u00f5es permitem ajustar facilmente para onde a luz aponta.<br \/>\nA base \u00e9 utilizada para deix\u00e1-la est\u00e1vel.<br \/>\nPossui interruptor na cabe\u00e7a, caso queira ligar\/desligar sem mexer na tomada.<br \/>\nA base \u00e9 pequena o suficiente para produzir um espa\u00e7o m\u00ednimo em sua mesa ou cabeceira, proporcionando um espa\u00e7o muito mais limpo.<\/p>\n","protected":false},"excerpt":{"rendered":"<p>Lumin\u00e1ria recarreg\u00e1vel infantil Idea de 26 Led elefante Id-8669 \u00e9 uma lumin\u00e1ria de mesa m\u00e1gica que definitivamente ilumina em qualquer lugar que voc\u00ea desejar, girando com facilidade para cima, para baixo e para os lados. Incr\u00edvel op\u00e7\u00e3o para utilizar para leituras, costuras, artesanatos entre outros. Al\u00e9m disso, \u00e9 poss\u00edvel coloc\u00e1-la em cima de uma mesa [&hellip;]<\/p>\n","protected":false},"featured_media":1315,"comment_status":"open","ping_status":"closed","template":"","meta":{"om_disable_all_campaigns":false,"_mi_skip_tracking":false,"_monsterinsights_sitenote_active":false,"_monsterinsights_sitenote_note":"","_monsterinsights_sitenote_category":0},"product_cat":[28],"product_tag":[],"aioseo_notices":[],"_links":{"self":[{"href":"https:\/\/visaodistri.com.br\/index.php?rest_route=\/wp\/v2\/product\/1314"}],"collection":[{"href":"https:\/\/visaodistri.com.br\/index.php?rest_route=\/wp\/v2\/product"}],"about":[{"href":"https:\/\/visaodistri.com.br\/index.php?rest_route=\/wp\/v2\/types\/product"}],"replies":[{"embeddable":true,"href":"https:\/\/visaodistri.com.br\/index.php?rest_route=%2Fwp%2Fv2%2Fcomments&post=1314"}],"wp:featuredmedia":[{"embeddable":true,"href":"https:\/\/visaodistri.com.br\/index.php?rest_route=\/wp\/v2\/media\/1315"}],"wp:attachment":[{"href":"https:\/\/visaodistri.com.br\/index.php?rest_route=%2Fwp%2Fv2%2Fmedia&parent=1314"}],"wp:term":[{"taxonomy":"product_cat","embeddable":true,"href":"https:\/\/visaodistri.com.br\/index.php?rest_route=%2Fwp%2Fv2%2Fproduct_cat&post=1314"},{"taxonomy":"product_tag","embeddable":true,"href":"https:\/\/visaodistri.com.br\/index.php?rest_route=%2Fwp%2Fv2%2Fproduct_tag&post=1314"}],"curies":[{"name":"wp","href":"https:\/\/api.w.org\/{rel}","templated":true}]}}