{"id":1310,"date":"2023-03-04T16:39:18","date_gmt":"2023-03-04T13:39:18","guid":{"rendered":"https:\/\/visaodistri.com.br\/?post_type=product&#038;p=1310"},"modified":"2023-06-10T07:55:53","modified_gmt":"2023-06-10T04:55:53","slug":"lanterna-3806-5w","status":"publish","type":"product","link":"https:\/\/visaodistri.com.br\/?product=lanterna-3806-5w","title":{"rendered":"SQ3806 &#8211; LANTERNA 5W LED SOLAR RECARREGAVEL"},"content":{"rendered":"<p>Lanterna solar recarreg\u00e1vel 1 led 5w SQ-3806 Longo Alcance. A lanterna solar recarreg\u00e1vel SQ-3806 \u00e9 uma \u00f3tima escolha para quem precisa de uma boa ilumina\u00e7\u00e3o para diversos fins. Seja para camping, ca\u00e7a, pesca, lazer, aventura e servi\u00e7os gerais, a SQ-3806 garante excelente qualidade de luz durante toda a atividade. Al\u00e9m disso, possui meio alternativo de carregamento via energia solar, basta deix\u00e1-la 100% exposta a luz solar. Enquanto voc\u00ea pratica as suas atividades diurnas, a lanterna recarrega caso esteja exposta ao sol, sem a necessidade de cabos ou baterias externas.<br \/>\nPara seu funcionamento, a lanterna n\u00e3o precisa de pilhas ou baterias externas, ela possui bateria interna recarreg\u00e1vel (bivolt). Ao carreg\u00e1-la por 10 horas na tomada, voc\u00ea ter\u00e1 uma durabilidade de uso aproximada de 6 horas (sua lanterna ligada aproximadamente 6 horas ininterruptas).<\/p>\n<p>ATEN\u00c7\u00c3O! Nunca utilize a lanterna enquanto ela estiver conectada na tomada. Ao carregar, assegure que a mesma esteja totalmente desligada. N\u00e3o aponte a lanterna diretamente para os olhos. Se a lanterna for manuseada por uma crian\u00e7a, ela deve ser supervisionada por um adulto.<\/p>\n","protected":false},"excerpt":{"rendered":"<p>Lanterna solar recarreg\u00e1vel 1 led 5w SQ-3806 Longo Alcance. A lanterna solar recarreg\u00e1vel SQ-3806 \u00e9 uma \u00f3tima escolha para quem precisa de uma boa ilumina\u00e7\u00e3o para diversos fins. Seja para camping, ca\u00e7a, pesca, lazer, aventura e servi\u00e7os gerais, a SQ-3806 garante excelente qualidade de luz durante toda a atividade. Al\u00e9m disso, possui meio alternativo de [&hellip;]<\/p>\n","protected":false},"featured_media":1311,"comment_status":"open","ping_status":"closed","template":"","meta":{"om_disable_all_campaigns":false,"_mi_skip_tracking":false,"_monsterinsights_sitenote_active":false,"_monsterinsights_sitenote_note":"","_monsterinsights_sitenote_category":0},"product_cat":[30],"product_tag":[],"aioseo_notices":[],"_links":{"self":[{"href":"https:\/\/visaodistri.com.br\/index.php?rest_route=\/wp\/v2\/product\/1310"}],"collection":[{"href":"https:\/\/visaodistri.com.br\/index.php?rest_route=\/wp\/v2\/product"}],"about":[{"href":"https:\/\/visaodistri.com.br\/index.php?rest_route=\/wp\/v2\/types\/product"}],"replies":[{"embeddable":true,"href":"https:\/\/visaodistri.com.br\/index.php?rest_route=%2Fwp%2Fv2%2Fcomments&post=1310"}],"wp:featuredmedia":[{"embeddable":true,"href":"https:\/\/visaodistri.com.br\/index.php?rest_route=\/wp\/v2\/media\/1311"}],"wp:attachment":[{"href":"https:\/\/visaodistri.com.br\/index.php?rest_route=%2Fwp%2Fv2%2Fmedia&parent=1310"}],"wp:term":[{"taxonomy":"product_cat","embeddable":true,"href":"https:\/\/visaodistri.com.br\/index.php?rest_route=%2Fwp%2Fv2%2Fproduct_cat&post=1310"},{"taxonomy":"product_tag","embeddable":true,"href":"https:\/\/visaodistri.com.br\/index.php?rest_route=%2Fwp%2Fv2%2Fproduct_tag&post=1310"}],"curies":[{"name":"wp","href":"https:\/\/api.w.org\/{rel}","templated":true}]}}