{"id":1304,"date":"2023-03-04T16:26:45","date_gmt":"2023-03-04T13:26:45","guid":{"rendered":"https:\/\/visaodistri.com.br\/?post_type=product&#038;p=1304"},"modified":"2023-04-17T19:21:58","modified_gmt":"2023-04-17T16:21:58","slug":"lanterna-9004","status":"publish","type":"product","link":"https:\/\/visaodistri.com.br\/?product=lanterna-9004","title":{"rendered":"ID9004 \u2013 LANTERNA RECAREGAVEL 3W"},"content":{"rendered":"<p>Lanterna de Led Recarreg\u00e1vel 3w Id-9004 com Luz Alta, Normal e Pisca, possui 3 watts, super ilumina\u00e7\u00e3o, foco preciso e longo alcance, Bateria Recarreg\u00e1vel (L\u00edtio) L\u00e2mpada: LED Voltagem: 127V~ 220V &#8211; 50 HZ\/ 60 Hz Consumo M\u00e1ximo: 4.8 W Tens\u00e3o da Bateria: 4 V Capacidade: 1200 mAh Autonomia: N\u00edvel Alto: 3 h \/ N\u00edvel Baixo: 8 h Fluxo Luminoso: N\u00edvel Alto: 300 lm \/ N\u00edvel Baixo:100 lm Medida aproximada da lanterna: 18 cm x 5 cm.<\/p>\n","protected":false},"excerpt":{"rendered":"<p>Lanterna de Led Recarreg\u00e1vel 3w Id-9004 com Luz Alta, Normal e Pisca, possui 3 watts, super ilumina\u00e7\u00e3o, foco preciso e longo alcance, Bateria Recarreg\u00e1vel (L\u00edtio) L\u00e2mpada: LED Voltagem: 127V~ 220V &#8211; 50 HZ\/ 60 Hz Consumo M\u00e1ximo: 4.8 W Tens\u00e3o da Bateria: 4 V Capacidade: 1200 mAh Autonomia: N\u00edvel Alto: 3 h \/ N\u00edvel Baixo: [&hellip;]<\/p>\n","protected":false},"featured_media":1305,"comment_status":"open","ping_status":"closed","template":"","meta":{"om_disable_all_campaigns":false,"_mi_skip_tracking":false,"_monsterinsights_sitenote_active":false,"_monsterinsights_sitenote_note":"","_monsterinsights_sitenote_category":0},"product_cat":[30],"product_tag":[],"aioseo_notices":[],"_links":{"self":[{"href":"https:\/\/visaodistri.com.br\/index.php?rest_route=\/wp\/v2\/product\/1304"}],"collection":[{"href":"https:\/\/visaodistri.com.br\/index.php?rest_route=\/wp\/v2\/product"}],"about":[{"href":"https:\/\/visaodistri.com.br\/index.php?rest_route=\/wp\/v2\/types\/product"}],"replies":[{"embeddable":true,"href":"https:\/\/visaodistri.com.br\/index.php?rest_route=%2Fwp%2Fv2%2Fcomments&post=1304"}],"wp:featuredmedia":[{"embeddable":true,"href":"https:\/\/visaodistri.com.br\/index.php?rest_route=\/wp\/v2\/media\/1305"}],"wp:attachment":[{"href":"https:\/\/visaodistri.com.br\/index.php?rest_route=%2Fwp%2Fv2%2Fmedia&parent=1304"}],"wp:term":[{"taxonomy":"product_cat","embeddable":true,"href":"https:\/\/visaodistri.com.br\/index.php?rest_route=%2Fwp%2Fv2%2Fproduct_cat&post=1304"},{"taxonomy":"product_tag","embeddable":true,"href":"https:\/\/visaodistri.com.br\/index.php?rest_route=%2Fwp%2Fv2%2Fproduct_tag&post=1304"}],"curies":[{"name":"wp","href":"https:\/\/api.w.org\/{rel}","templated":true}]}}