{"id":1293,"date":"2023-03-04T15:48:31","date_gmt":"2023-03-04T12:48:31","guid":{"rendered":"https:\/\/visaodistri.com.br\/?post_type=product&#038;p=1293"},"modified":"2023-04-12T16:26:10","modified_gmt":"2023-04-12T13:26:10","slug":"cod399-lanterna-de-cabeca","status":"publish","type":"product","link":"https:\/\/visaodistri.com.br\/?product=cod399-lanterna-de-cabeca","title":{"rendered":"LT399 &#8211; LANTERNA DE CABECA 1 LED"},"content":{"rendered":"<p>Lanterna Cabe\u00e7a Capacete Bateria Recarreg\u00e1vel, ideal para suas aventuras, trilhas, passeios ou no trabalho onde precisa de uma ilumina\u00e7\u00e3o forte e com as m\u00e3os livres para executar com perfei\u00e7\u00e3o a tarefa! Sua faixa el\u00e1stica ajust\u00e1vel preza por praticidade e conforto durante o uso, sua bateria embutida tem \u00f3tima durabilidade. Ajust\u00e1vel em 90\u00ba graus, com 2 tipos de ilumina\u00e7\u00e3o, uma voltada para longas distancias e outra como luz ambiental.<\/p>\n","protected":false},"excerpt":{"rendered":"<p>Lanterna Cabe\u00e7a Capacete Bateria Recarreg\u00e1vel, ideal para suas aventuras, trilhas, passeios ou no trabalho onde precisa de uma ilumina\u00e7\u00e3o forte e com as m\u00e3os livres para executar com perfei\u00e7\u00e3o a tarefa! Sua faixa el\u00e1stica ajust\u00e1vel preza por praticidade e conforto durante o uso, sua bateria embutida tem \u00f3tima durabilidade. Ajust\u00e1vel em 90\u00ba graus, com 2 [&hellip;]<\/p>\n","protected":false},"featured_media":1294,"comment_status":"open","ping_status":"closed","template":"","meta":{"om_disable_all_campaigns":false,"_mi_skip_tracking":false,"_monsterinsights_sitenote_active":false,"_monsterinsights_sitenote_note":"","_monsterinsights_sitenote_category":0},"product_cat":[53],"product_tag":[],"aioseo_notices":[],"_links":{"self":[{"href":"https:\/\/visaodistri.com.br\/index.php?rest_route=\/wp\/v2\/product\/1293"}],"collection":[{"href":"https:\/\/visaodistri.com.br\/index.php?rest_route=\/wp\/v2\/product"}],"about":[{"href":"https:\/\/visaodistri.com.br\/index.php?rest_route=\/wp\/v2\/types\/product"}],"replies":[{"embeddable":true,"href":"https:\/\/visaodistri.com.br\/index.php?rest_route=%2Fwp%2Fv2%2Fcomments&post=1293"}],"wp:featuredmedia":[{"embeddable":true,"href":"https:\/\/visaodistri.com.br\/index.php?rest_route=\/wp\/v2\/media\/1294"}],"wp:attachment":[{"href":"https:\/\/visaodistri.com.br\/index.php?rest_route=%2Fwp%2Fv2%2Fmedia&parent=1293"}],"wp:term":[{"taxonomy":"product_cat","embeddable":true,"href":"https:\/\/visaodistri.com.br\/index.php?rest_route=%2Fwp%2Fv2%2Fproduct_cat&post=1293"},{"taxonomy":"product_tag","embeddable":true,"href":"https:\/\/visaodistri.com.br\/index.php?rest_route=%2Fwp%2Fv2%2Fproduct_tag&post=1293"}],"curies":[{"name":"wp","href":"https:\/\/api.w.org\/{rel}","templated":true}]}}