{"id":1289,"date":"2023-03-04T15:23:02","date_gmt":"2023-03-04T12:23:02","guid":{"rendered":"https:\/\/visaodistri.com.br\/?post_type=product&#038;p=1289"},"modified":"2023-08-07T23:54:17","modified_gmt":"2023-08-07T20:54:17","slug":"lanterna-led-parede","status":"publish","type":"product","link":"https:\/\/visaodistri.com.br\/?product=lanterna-led-parede","title":{"rendered":"ALL50083 &#8211; LUMINARIA SOLAR COM SENSOR DE PRESENCA, EM HIPS, PS E COMPONENTES ELETRONICOS, CONTEM 1 CONTROLE REMOTO"},"content":{"rendered":"<p>Lumin\u00e1ria Refletor Externa Solar com Sensor de Presen\u00e7a e Controle Remoto. Altamente realista Refletor com sensor de movimento em torno de sua casa, lojas e armaz\u00e9m etc. Suporte ajust\u00e1vel, f\u00e1cil e r\u00e1pido de instalar com suporte de montagem e parafusos. F\u00e1cil e r\u00e1pido de instalar, nenhuma fia\u00e7\u00e3o necess\u00e1ria. Utiliza apenas energia solar.<br \/>\n&#8211; Lumin\u00e1ria com carregamento solar e 63 LED&#8217;S;<br \/>\n&#8211; 3 modos de ilumina\u00e7\u00e3o: Acionamento por sensor de presen\u00e7a, baixo n\u00edvel de luminosidade e acionamento por sensor de presen\u00e7a e baixo n\u00edvel de luminosidade fixo;<br \/>\n&#8211; Possui controle remoto que permite alternar entre os modos e ligue ou desligue;<\/p>\n","protected":false},"excerpt":{"rendered":"<p>Lumin\u00e1ria Refletor Externa Solar com Sensor de Presen\u00e7a e Controle Remoto. Altamente realista Refletor com sensor de movimento em torno de sua casa, lojas e armaz\u00e9m etc. Suporte ajust\u00e1vel, f\u00e1cil e r\u00e1pido de instalar com suporte de montagem e parafusos. F\u00e1cil e r\u00e1pido de instalar, nenhuma fia\u00e7\u00e3o necess\u00e1ria. Utiliza apenas energia solar. &#8211; Lumin\u00e1ria com [&hellip;]<\/p>\n","protected":false},"featured_media":1290,"comment_status":"open","ping_status":"closed","template":"","meta":{"om_disable_all_campaigns":false,"_mi_skip_tracking":false,"_monsterinsights_sitenote_active":false,"_monsterinsights_sitenote_note":"","_monsterinsights_sitenote_category":0},"product_cat":[28],"product_tag":[],"aioseo_notices":[],"_links":{"self":[{"href":"https:\/\/visaodistri.com.br\/index.php?rest_route=\/wp\/v2\/product\/1289"}],"collection":[{"href":"https:\/\/visaodistri.com.br\/index.php?rest_route=\/wp\/v2\/product"}],"about":[{"href":"https:\/\/visaodistri.com.br\/index.php?rest_route=\/wp\/v2\/types\/product"}],"replies":[{"embeddable":true,"href":"https:\/\/visaodistri.com.br\/index.php?rest_route=%2Fwp%2Fv2%2Fcomments&post=1289"}],"wp:featuredmedia":[{"embeddable":true,"href":"https:\/\/visaodistri.com.br\/index.php?rest_route=\/wp\/v2\/media\/1290"}],"wp:attachment":[{"href":"https:\/\/visaodistri.com.br\/index.php?rest_route=%2Fwp%2Fv2%2Fmedia&parent=1289"}],"wp:term":[{"taxonomy":"product_cat","embeddable":true,"href":"https:\/\/visaodistri.com.br\/index.php?rest_route=%2Fwp%2Fv2%2Fproduct_cat&post=1289"},{"taxonomy":"product_tag","embeddable":true,"href":"https:\/\/visaodistri.com.br\/index.php?rest_route=%2Fwp%2Fv2%2Fproduct_tag&post=1289"}],"curies":[{"name":"wp","href":"https:\/\/api.w.org\/{rel}","templated":true}]}}