{"id":1282,"date":"2023-03-04T15:15:51","date_gmt":"2023-03-04T12:15:51","guid":{"rendered":"https:\/\/visaodistri.com.br\/?post_type=product&#038;p=1282"},"modified":"2026-02-09T21:07:41","modified_gmt":"2026-02-09T18:07:41","slug":"ebulidor-grande","status":"publish","type":"product","link":"https:\/\/visaodistri.com.br\/?product=ebulidor-grande","title":{"rendered":"RES TUB EBULIDOR 82X520MM 3000W 220V INOX &#8211; GRANDE"},"content":{"rendered":"<p>Ebulidor Mergulh\u00e3o de \u00c1gua Profissional aquecedor \u00e1gua caf\u00e9 leite super potente e r\u00e1pido. Ebulidor Grande 3000w.<\/p>\n","protected":false},"excerpt":{"rendered":"<p>Ebulidor Mergulh\u00e3o de \u00c1gua Profissional aquecedor \u00e1gua caf\u00e9 leite super potente e r\u00e1pido. Ebulidor Grande 3000w.<\/p>\n","protected":false},"featured_media":1283,"comment_status":"open","ping_status":"closed","template":"","meta":{"om_disable_all_campaigns":false,"_mi_skip_tracking":false,"_monsterinsights_sitenote_active":false,"_monsterinsights_sitenote_note":"","_monsterinsights_sitenote_category":0},"product_cat":[54],"product_tag":[],"aioseo_notices":[],"_links":{"self":[{"href":"https:\/\/visaodistri.com.br\/index.php?rest_route=\/wp\/v2\/product\/1282"}],"collection":[{"href":"https:\/\/visaodistri.com.br\/index.php?rest_route=\/wp\/v2\/product"}],"about":[{"href":"https:\/\/visaodistri.com.br\/index.php?rest_route=\/wp\/v2\/types\/product"}],"replies":[{"embeddable":true,"href":"https:\/\/visaodistri.com.br\/index.php?rest_route=%2Fwp%2Fv2%2Fcomments&post=1282"}],"wp:featuredmedia":[{"embeddable":true,"href":"https:\/\/visaodistri.com.br\/index.php?rest_route=\/wp\/v2\/media\/1283"}],"wp:attachment":[{"href":"https:\/\/visaodistri.com.br\/index.php?rest_route=%2Fwp%2Fv2%2Fmedia&parent=1282"}],"wp:term":[{"taxonomy":"product_cat","embeddable":true,"href":"https:\/\/visaodistri.com.br\/index.php?rest_route=%2Fwp%2Fv2%2Fproduct_cat&post=1282"},{"taxonomy":"product_tag","embeddable":true,"href":"https:\/\/visaodistri.com.br\/index.php?rest_route=%2Fwp%2Fv2%2Fproduct_tag&post=1282"}],"curies":[{"name":"wp","href":"https:\/\/api.w.org\/{rel}","templated":true}]}}