{"id":1225,"date":"2023-01-07T14:59:11","date_gmt":"2023-01-07T11:59:11","guid":{"rendered":"https:\/\/visaodistri.com.br\/?post_type=product&#038;p=1225"},"modified":"2023-06-10T07:55:08","modified_gmt":"2023-06-10T04:55:08","slug":"sq4196-lanterna-de-cabeca-1led-2w","status":"publish","type":"product","link":"https:\/\/visaodistri.com.br\/?product=sq4196-lanterna-de-cabeca-1led-2w","title":{"rendered":"SQ4196 &#8211; LANTERNA DE LED RECARREGAVEL COM SUPORTE PARA CABECA"},"content":{"rendered":"<p>Lanterna de cabe\u00e7a com tamanho \u00fanico regul\u00e1vel, super leve e confort\u00e1vel. Ideal para pesca, camping, ciclismo e servi\u00e7os gerais. Ela possui 1 led de luminosidade e 2W de pot\u00eancia, \u00e9 recarreg\u00e1vel (Acompanha o carregador), tem 2 intensidade de luz, bateria de l\u00edtio ( 1200 mAh), \u00e9 leve e port\u00e1til. Garanta j\u00e1 a sua.<\/p>\n","protected":false},"excerpt":{"rendered":"<p>Lanterna de cabe\u00e7a com tamanho \u00fanico regul\u00e1vel, super leve e confort\u00e1vel. Ideal para pesca, camping, ciclismo e servi\u00e7os gerais. Ela possui 1 led de luminosidade e 2W de pot\u00eancia, \u00e9 recarreg\u00e1vel (Acompanha o carregador), tem 2 intensidade de luz, bateria de l\u00edtio ( 1200 mAh), \u00e9 leve e port\u00e1til. Garanta j\u00e1 a sua.<\/p>\n","protected":false},"featured_media":1114,"comment_status":"open","ping_status":"closed","template":"","meta":{"om_disable_all_campaigns":false,"_mi_skip_tracking":false,"_monsterinsights_sitenote_active":false,"_monsterinsights_sitenote_note":"","_monsterinsights_sitenote_category":0},"product_cat":[53],"product_tag":[],"aioseo_notices":[],"_links":{"self":[{"href":"https:\/\/visaodistri.com.br\/index.php?rest_route=\/wp\/v2\/product\/1225"}],"collection":[{"href":"https:\/\/visaodistri.com.br\/index.php?rest_route=\/wp\/v2\/product"}],"about":[{"href":"https:\/\/visaodistri.com.br\/index.php?rest_route=\/wp\/v2\/types\/product"}],"replies":[{"embeddable":true,"href":"https:\/\/visaodistri.com.br\/index.php?rest_route=%2Fwp%2Fv2%2Fcomments&post=1225"}],"wp:featuredmedia":[{"embeddable":true,"href":"https:\/\/visaodistri.com.br\/index.php?rest_route=\/wp\/v2\/media\/1114"}],"wp:attachment":[{"href":"https:\/\/visaodistri.com.br\/index.php?rest_route=%2Fwp%2Fv2%2Fmedia&parent=1225"}],"wp:term":[{"taxonomy":"product_cat","embeddable":true,"href":"https:\/\/visaodistri.com.br\/index.php?rest_route=%2Fwp%2Fv2%2Fproduct_cat&post=1225"},{"taxonomy":"product_tag","embeddable":true,"href":"https:\/\/visaodistri.com.br\/index.php?rest_route=%2Fwp%2Fv2%2Fproduct_tag&post=1225"}],"curies":[{"name":"wp","href":"https:\/\/api.w.org\/{rel}","templated":true}]}}