{"id":1220,"date":"2023-01-07T08:29:08","date_gmt":"2023-01-07T05:29:08","guid":{"rendered":"https:\/\/visaodistri.com.br\/?post_type=product&#038;p=1220"},"modified":"2023-03-04T17:15:40","modified_gmt":"2023-03-04T14:15:40","slug":"pilhas-alfacell","status":"publish","type":"product","link":"https:\/\/visaodistri.com.br\/?product=pilhas-alfacell","title":{"rendered":"PILHA PEQUENA AA 1,5V ALFACELL"},"content":{"rendered":"<p>PILHA PEQUENA AA 2A 1,5V ALFACEL<\/p>\n<p>Pilha com \u00f3timo desempenho em seu aparelho. As pilhas pequenas tamb\u00e9m s\u00e3o chamadas de pilhas AA ou 2A, s\u00e3o pilhas comuns com excelente durabilidade. Ideais para ser usada em controle remoto, MP3 Player, Brinquedos, r\u00e1dios Port\u00e1teis entre outros.<\/p>\n<p>Caixa com 15 pacotes de 4 unidades totalizando 60 unidades na caixa.<\/p>\n","protected":false},"excerpt":{"rendered":"<p>PILHA PEQUENA AA 2A 1,5V ALFACEL Pilha com \u00f3timo desempenho em seu aparelho. As pilhas pequenas tamb\u00e9m s\u00e3o chamadas de pilhas AA ou 2A, s\u00e3o pilhas comuns com excelente durabilidade. Ideais para ser usada em controle remoto, MP3 Player, Brinquedos, r\u00e1dios Port\u00e1teis entre outros. Caixa com 15 pacotes de 4 unidades totalizando 60 unidades na [&hellip;]<\/p>\n","protected":false},"featured_media":1021,"comment_status":"open","ping_status":"closed","template":"","meta":{"om_disable_all_campaigns":false,"_mi_skip_tracking":false,"_monsterinsights_sitenote_active":false,"_monsterinsights_sitenote_note":"","_monsterinsights_sitenote_category":0},"product_cat":[52],"product_tag":[],"aioseo_notices":[],"_links":{"self":[{"href":"https:\/\/visaodistri.com.br\/index.php?rest_route=\/wp\/v2\/product\/1220"}],"collection":[{"href":"https:\/\/visaodistri.com.br\/index.php?rest_route=\/wp\/v2\/product"}],"about":[{"href":"https:\/\/visaodistri.com.br\/index.php?rest_route=\/wp\/v2\/types\/product"}],"replies":[{"embeddable":true,"href":"https:\/\/visaodistri.com.br\/index.php?rest_route=%2Fwp%2Fv2%2Fcomments&post=1220"}],"wp:featuredmedia":[{"embeddable":true,"href":"https:\/\/visaodistri.com.br\/index.php?rest_route=\/wp\/v2\/media\/1021"}],"wp:attachment":[{"href":"https:\/\/visaodistri.com.br\/index.php?rest_route=%2Fwp%2Fv2%2Fmedia&parent=1220"}],"wp:term":[{"taxonomy":"product_cat","embeddable":true,"href":"https:\/\/visaodistri.com.br\/index.php?rest_route=%2Fwp%2Fv2%2Fproduct_cat&post=1220"},{"taxonomy":"product_tag","embeddable":true,"href":"https:\/\/visaodistri.com.br\/index.php?rest_route=%2Fwp%2Fv2%2Fproduct_tag&post=1220"}],"curies":[{"name":"wp","href":"https:\/\/api.w.org\/{rel}","templated":true}]}}