{"id":1216,"date":"2023-01-07T08:24:34","date_gmt":"2023-01-07T05:24:34","guid":{"rendered":"https:\/\/visaodistri.com.br\/?post_type=product&#038;p=1216"},"modified":"2023-02-23T00:23:34","modified_gmt":"2023-02-22T21:23:34","slug":"lampeao-led","status":"publish","type":"product","link":"https:\/\/visaodistri.com.br\/?product=lampeao-led","title":{"rendered":"LED7401 &#8211; LAMPI\u00c3O RECARREGAVEL 45 LEDS BIVOLT"},"content":{"rendered":"<p class=\"ui-pdp-descriptioncontent\" style=\"margin-top: 0cm; background: #F7F7F7;\"><span style=\"font-size: 11.0pt; font-family: Roboto; color: #333333;\">Lampi\u00e3o de Led Recarreg\u00e1vel potente, pr\u00e1tico e super moderno. Este Lampi\u00e3o \u00e9 super pr\u00e1tico com al\u00e7as para facilitar o transporte e gancho embutido para pendurar, super leve, possui leds super brancos e \u00e9 bivolt. Esse modelo tem entrada para carregamento da bateria com placa solar (placa solar n\u00e3o inclusa), bot\u00e3o girat\u00f3rio de ajuste e bateria de alta capacidade. Ela impressiona pela luminosidade, al\u00e9m de possuir bateria recarreg\u00e1vel. O Lampi\u00e3o al\u00e9m da luz forte, aguenta muito tempo. Bateria de longa dura\u00e7\u00e3o, para uso em geral, o lampi\u00e3o de led se mostra perfeito para v\u00e1rias situa\u00e7\u00f5es. Compacta, mas com muita pot\u00eancia. O Lampi\u00e3o \u00e9 Ideal para: Mec\u00e2nicas, acampamentos, constru\u00e7\u00f5es, trabalhos subterr\u00e2neos, barcos de pesca e trabalhos ambientais. N\u00e3o precisa de pilhas ou baterias, podendo ser recarregada ap\u00f3s o uso em tomadas 100\/240V aproximadamente 12 horas para o carregamento completo.<\/span><\/p>\n","protected":false},"excerpt":{"rendered":"<p>Lampi\u00e3o de Led Recarreg\u00e1vel potente, pr\u00e1tico e super moderno. Este Lampi\u00e3o \u00e9 super pr\u00e1tico com al\u00e7as para facilitar o transporte e gancho embutido para pendurar, super leve, possui leds super brancos e \u00e9 bivolt. Esse modelo tem entrada para carregamento da bateria com placa solar (placa solar n\u00e3o inclusa), bot\u00e3o girat\u00f3rio de ajuste e bateria [&hellip;]<\/p>\n","protected":false},"featured_media":623,"comment_status":"open","ping_status":"closed","template":"","meta":{"om_disable_all_campaigns":false,"_mi_skip_tracking":false,"_monsterinsights_sitenote_active":false,"_monsterinsights_sitenote_note":"","_monsterinsights_sitenote_category":0},"product_cat":[33],"product_tag":[],"aioseo_notices":[],"_links":{"self":[{"href":"https:\/\/visaodistri.com.br\/index.php?rest_route=\/wp\/v2\/product\/1216"}],"collection":[{"href":"https:\/\/visaodistri.com.br\/index.php?rest_route=\/wp\/v2\/product"}],"about":[{"href":"https:\/\/visaodistri.com.br\/index.php?rest_route=\/wp\/v2\/types\/product"}],"replies":[{"embeddable":true,"href":"https:\/\/visaodistri.com.br\/index.php?rest_route=%2Fwp%2Fv2%2Fcomments&post=1216"}],"wp:featuredmedia":[{"embeddable":true,"href":"https:\/\/visaodistri.com.br\/index.php?rest_route=\/wp\/v2\/media\/623"}],"wp:attachment":[{"href":"https:\/\/visaodistri.com.br\/index.php?rest_route=%2Fwp%2Fv2%2Fmedia&parent=1216"}],"wp:term":[{"taxonomy":"product_cat","embeddable":true,"href":"https:\/\/visaodistri.com.br\/index.php?rest_route=%2Fwp%2Fv2%2Fproduct_cat&post=1216"},{"taxonomy":"product_tag","embeddable":true,"href":"https:\/\/visaodistri.com.br\/index.php?rest_route=%2Fwp%2Fv2%2Fproduct_tag&post=1216"}],"curies":[{"name":"wp","href":"https:\/\/api.w.org\/{rel}","templated":true}]}}