{"id":1214,"date":"2023-01-07T08:22:31","date_gmt":"2023-01-07T05:22:31","guid":{"rendered":"https:\/\/visaodistri.com.br\/?post_type=product&#038;p=1214"},"modified":"2023-02-23T16:11:32","modified_gmt":"2023-02-23T13:11:32","slug":"lanterna-de-cabeca-12-leds","status":"publish","type":"product","link":"https:\/\/visaodistri.com.br\/?product=lanterna-de-cabeca-12-leds","title":{"rendered":"722B &#8211; LANTERNA DE CABE\u00c7A 12 LEDS"},"content":{"rendered":"<p>A Lanterna de cabe\u00e7a 722B conta com um Design Incr\u00edvel e ergon\u00f4mico e \u00e9 conveniente p\u00f4r na cabe\u00e7a para a ilumina\u00e7\u00e3o facilitando a vis\u00e3o. Conta com grandes utiliza\u00e7\u00f5es e serve para trabalhos noturnos, l\u00e2mpada familiar para urg\u00eancias quando falta luz, assim como estudar ou atividades ao ar livre \u00e0 noite. Produto com vida longa, recarreg\u00e1vel, l\u00e2mpadas de led com baixo consumo de energia, op\u00e7\u00f5es de luz forte e fraca, voltagem de 100-240V 50\/60Hz, tempo de recarga de 12 horas ( n\u00e3o utilizar durante a recarga, para n\u00e3o danificar os componentes do produto).<\/p>\n","protected":false},"excerpt":{"rendered":"<p>A Lanterna de cabe\u00e7a 722B conta com um Design Incr\u00edvel e ergon\u00f4mico e \u00e9 conveniente p\u00f4r na cabe\u00e7a para a ilumina\u00e7\u00e3o facilitando a vis\u00e3o. Conta com grandes utiliza\u00e7\u00f5es e serve para trabalhos noturnos, l\u00e2mpada familiar para urg\u00eancias quando falta luz, assim como estudar ou atividades ao ar livre \u00e0 noite. Produto com vida longa, recarreg\u00e1vel, [&hellip;]<\/p>\n","protected":false},"featured_media":1101,"comment_status":"open","ping_status":"closed","template":"","meta":{"om_disable_all_campaigns":false,"_mi_skip_tracking":false,"_monsterinsights_sitenote_active":false,"_monsterinsights_sitenote_note":"","_monsterinsights_sitenote_category":0},"product_cat":[53],"product_tag":[],"aioseo_notices":[],"_links":{"self":[{"href":"https:\/\/visaodistri.com.br\/index.php?rest_route=\/wp\/v2\/product\/1214"}],"collection":[{"href":"https:\/\/visaodistri.com.br\/index.php?rest_route=\/wp\/v2\/product"}],"about":[{"href":"https:\/\/visaodistri.com.br\/index.php?rest_route=\/wp\/v2\/types\/product"}],"replies":[{"embeddable":true,"href":"https:\/\/visaodistri.com.br\/index.php?rest_route=%2Fwp%2Fv2%2Fcomments&post=1214"}],"wp:featuredmedia":[{"embeddable":true,"href":"https:\/\/visaodistri.com.br\/index.php?rest_route=\/wp\/v2\/media\/1101"}],"wp:attachment":[{"href":"https:\/\/visaodistri.com.br\/index.php?rest_route=%2Fwp%2Fv2%2Fmedia&parent=1214"}],"wp:term":[{"taxonomy":"product_cat","embeddable":true,"href":"https:\/\/visaodistri.com.br\/index.php?rest_route=%2Fwp%2Fv2%2Fproduct_cat&post=1214"},{"taxonomy":"product_tag","embeddable":true,"href":"https:\/\/visaodistri.com.br\/index.php?rest_route=%2Fwp%2Fv2%2Fproduct_tag&post=1214"}],"curies":[{"name":"wp","href":"https:\/\/api.w.org\/{rel}","templated":true}]}}