{"id":1209,"date":"2023-01-07T08:16:32","date_gmt":"2023-01-07T05:16:32","guid":{"rendered":"https:\/\/visaodistri.com.br\/?post_type=product&#038;p=1209"},"modified":"2023-03-03T23:20:11","modified_gmt":"2023-03-03T20:20:11","slug":"led-770","status":"publish","type":"product","link":"https:\/\/visaodistri.com.br\/?product=led-770","title":{"rendered":"DP770 &#8211; LANTERNA 1+15 LED ALTA POT\u00caNCIA"},"content":{"rendered":"<p>Com esta lanterna, voc\u00ea vai poder acampar, fazer suas trilhas, usar em fazendas, s\u00edtios, ou mesmo em sua casa. Se voc\u00ea quiser um refor\u00e7o na ilumina\u00e7\u00e3o pode abrir a parte inferior onde ter\u00e3o mais LED&#8217;S. F\u00e1cil de transportar e super compacta. Marca DP, possui 1 + 15 Leds de alta pot\u00eancia, com duas camadas de ajuste de ilumina\u00e7\u00e3o e bivolt. Acompanha a lanterna um cabo para recarga.<\/p>\n","protected":false},"excerpt":{"rendered":"<p>Com esta lanterna, voc\u00ea vai poder acampar, fazer suas trilhas, usar em fazendas, s\u00edtios, ou mesmo em sua casa. Se voc\u00ea quiser um refor\u00e7o na ilumina\u00e7\u00e3o pode abrir a parte inferior onde ter\u00e3o mais LED&#8217;S. F\u00e1cil de transportar e super compacta. Marca DP, possui 1 + 15 Leds de alta pot\u00eancia, com duas camadas de [&hellip;]<\/p>\n","protected":false},"featured_media":1120,"comment_status":"open","ping_status":"closed","template":"","meta":{"om_disable_all_campaigns":false,"_mi_skip_tracking":false,"_monsterinsights_sitenote_active":false,"_monsterinsights_sitenote_note":"","_monsterinsights_sitenote_category":0},"product_cat":[31],"product_tag":[],"aioseo_notices":[],"_links":{"self":[{"href":"https:\/\/visaodistri.com.br\/index.php?rest_route=\/wp\/v2\/product\/1209"}],"collection":[{"href":"https:\/\/visaodistri.com.br\/index.php?rest_route=\/wp\/v2\/product"}],"about":[{"href":"https:\/\/visaodistri.com.br\/index.php?rest_route=\/wp\/v2\/types\/product"}],"replies":[{"embeddable":true,"href":"https:\/\/visaodistri.com.br\/index.php?rest_route=%2Fwp%2Fv2%2Fcomments&post=1209"}],"wp:featuredmedia":[{"embeddable":true,"href":"https:\/\/visaodistri.com.br\/index.php?rest_route=\/wp\/v2\/media\/1120"}],"wp:attachment":[{"href":"https:\/\/visaodistri.com.br\/index.php?rest_route=%2Fwp%2Fv2%2Fmedia&parent=1209"}],"wp:term":[{"taxonomy":"product_cat","embeddable":true,"href":"https:\/\/visaodistri.com.br\/index.php?rest_route=%2Fwp%2Fv2%2Fproduct_cat&post=1209"},{"taxonomy":"product_tag","embeddable":true,"href":"https:\/\/visaodistri.com.br\/index.php?rest_route=%2Fwp%2Fv2%2Fproduct_tag&post=1209"}],"curies":[{"name":"wp","href":"https:\/\/api.w.org\/{rel}","templated":true}]}}