{"id":1208,"date":"2023-01-07T08:15:11","date_gmt":"2023-01-07T05:15:11","guid":{"rendered":"https:\/\/visaodistri.com.br\/?post_type=product&#038;p=1208"},"modified":"2023-04-17T20:13:25","modified_gmt":"2023-04-17T17:13:25","slug":"led-1962","status":"publish","type":"product","link":"https:\/\/visaodistri.com.br\/?product=led-1962","title":{"rendered":"ALL1962 &#8211; LANTERNA ALFACEL 12 LEDS"},"content":{"rendered":"<p>Lanterna recarreg\u00e1vel 12 leds ALL1962.<br \/>\nA lanterna recarreg\u00e1vel ALL1962 possui bateria de longa dura\u00e7\u00e3o, super pratica e f\u00e1cil de usar, material resistente, econ\u00f4mica. Para recarga conecte o plugue na tomada 127v\/220 Volts. O indicador de carga acender\u00e1, indicando a recarga. (Aproximadamente 12 horas). Para ligar a lanterna utilize o bot\u00e3o LIGA\/DESLIGA.<\/p>\n<p>ATEN\u00c7\u00c3O!\u00a0 \u00a0 \u00a0 \u00a0 \u00a0 \u00a0 \u00a0 \u00a0 \u00a0 \u00a0 \u00a0 \u00a0 \u00a0 \u00a0 \u00a0 \u00a0 \u00a0 \u00a0 \u00a0 \u00a0 \u00a0 \u00a0 \u00a0 \u00a0 \u00a0 \u00a0 \u00a0 \u00a0 \u00a0 \u00a0 \u00a0 \u00a0 \u00a0 \u00a0 \u00a0 \u00a0 \u00a0 \u00a0 \u00a0 \u00a0 \u00a0 Nunca utilize a lanterna enquanto ela estiver conectada na tomada. Ao carregar, assegure que a mesma esteja totalmente desligada. N\u00e3o aponte a lanterna diretamente para os olhos. Se a lanterna for manuseada por uma crian\u00e7a, ela deve ser supervisionada por um adulto. O plugue dever\u00e1 ficar recolhido a todo momento, exceto quando a lanterna estiver sendo carregada.<\/p>\n","protected":false},"excerpt":{"rendered":"<p>Lanterna recarreg\u00e1vel 12 leds ALL1962. A lanterna recarreg\u00e1vel ALL1962 possui bateria de longa dura\u00e7\u00e3o, super pratica e f\u00e1cil de usar, material resistente, econ\u00f4mica. Para recarga conecte o plugue na tomada 127v\/220 Volts. O indicador de carga acender\u00e1, indicando a recarga. (Aproximadamente 12 horas). Para ligar a lanterna utilize o bot\u00e3o LIGA\/DESLIGA. ATEN\u00c7\u00c3O!\u00a0 \u00a0 \u00a0 \u00a0 [&hellip;]<\/p>\n","protected":false},"featured_media":1130,"comment_status":"open","ping_status":"closed","template":"","meta":{"om_disable_all_campaigns":false,"_mi_skip_tracking":false,"_monsterinsights_sitenote_active":false,"_monsterinsights_sitenote_note":"","_monsterinsights_sitenote_category":0},"product_cat":[30],"product_tag":[],"aioseo_notices":[],"_links":{"self":[{"href":"https:\/\/visaodistri.com.br\/index.php?rest_route=\/wp\/v2\/product\/1208"}],"collection":[{"href":"https:\/\/visaodistri.com.br\/index.php?rest_route=\/wp\/v2\/product"}],"about":[{"href":"https:\/\/visaodistri.com.br\/index.php?rest_route=\/wp\/v2\/types\/product"}],"replies":[{"embeddable":true,"href":"https:\/\/visaodistri.com.br\/index.php?rest_route=%2Fwp%2Fv2%2Fcomments&post=1208"}],"wp:featuredmedia":[{"embeddable":true,"href":"https:\/\/visaodistri.com.br\/index.php?rest_route=\/wp\/v2\/media\/1130"}],"wp:attachment":[{"href":"https:\/\/visaodistri.com.br\/index.php?rest_route=%2Fwp%2Fv2%2Fmedia&parent=1208"}],"wp:term":[{"taxonomy":"product_cat","embeddable":true,"href":"https:\/\/visaodistri.com.br\/index.php?rest_route=%2Fwp%2Fv2%2Fproduct_cat&post=1208"},{"taxonomy":"product_tag","embeddable":true,"href":"https:\/\/visaodistri.com.br\/index.php?rest_route=%2Fwp%2Fv2%2Fproduct_tag&post=1208"}],"curies":[{"name":"wp","href":"https:\/\/api.w.org\/{rel}","templated":true}]}}