{"id":1206,"date":"2023-01-07T08:13:19","date_gmt":"2023-01-07T05:13:19","guid":{"rendered":"https:\/\/visaodistri.com.br\/?post_type=product&#038;p=1206"},"modified":"2023-04-17T20:37:16","modified_gmt":"2023-04-17T17:37:16","slug":"led-1970","status":"publish","type":"product","link":"https:\/\/visaodistri.com.br\/?product=led-1970","title":{"rendered":"ALL1970 &#8211; LANTERNA ALFACEL 9 LEDS"},"content":{"rendered":"<p>Lanterna recarreg\u00e1vel 9 leds bivolt 1970 tem bateria com dura\u00e7\u00e3o de 30 horas recarreg\u00e1vel, tens\u00e3o 127V\/220V, fluxo luminoso 45LM.<\/p>\n<p>Aten\u00e7\u00e3o:\u00a0 \u00a0 \u00a0 \u00a0 \u00a0 \u00a0 \u00a0 \u00a0 \u00a0 \u00a0 \u00a0 \u00a0 \u00a0 \u00a0 \u00a0 \u00a0 \u00a0 \u00a0 \u00a0 \u00a0 \u00a0 \u00a0 \u00a0 \u00a0 \u00a0 \u00a0 \u00a0 \u00a0 \u00a0 \u00a0 \u00a0 \u00a0 \u00a0 \u00a0 \u00a0 \u00a0 \u00a0 \u00a0 \u00a0 \u00a0 \u00a0 \u00a0 \u00a0 \u00a0 \u00a0 \u00a0 N\u00e3o utilizar durante a recarga, pois poder\u00e1 queimar a l\u00e2mpada a danificar os componentes internos de produtos. Quando a luz da lanterna estiver fraca interromper o uso e recarregue para evitar poss\u00edveis danos no produto. N\u00e3o utilize em chuvas ou locais \u00famidos- Manter longe de produtos explosivos durante a recarga. N\u00e3o aponte os olhos diretamente para luz pois pode prejudicar a vis\u00e3o (Crian\u00e7as devem ser advertidas\u00a0por adultos). Recarregue a lanterna a cada 2 meses se n\u00e3o for utilizar por um longo per\u00edodo de tempo ao contr\u00e1rio a bateria poder\u00e1 ser prejudicada. A carga n\u00e3o deve ultrapassar 12 horas de dura\u00e7\u00e3o.<\/p>\n","protected":false},"excerpt":{"rendered":"<p>Lanterna recarreg\u00e1vel 9 leds bivolt 1970 tem bateria com dura\u00e7\u00e3o de 30 horas recarreg\u00e1vel, tens\u00e3o 127V\/220V, fluxo luminoso 45LM. Aten\u00e7\u00e3o:\u00a0 \u00a0 \u00a0 \u00a0 \u00a0 \u00a0 \u00a0 \u00a0 \u00a0 \u00a0 \u00a0 \u00a0 \u00a0 \u00a0 \u00a0 \u00a0 \u00a0 \u00a0 \u00a0 \u00a0 \u00a0 \u00a0 \u00a0 \u00a0 \u00a0 \u00a0 \u00a0 \u00a0 \u00a0 \u00a0 \u00a0 \u00a0 \u00a0 \u00a0 \u00a0 \u00a0 [&hellip;]<\/p>\n","protected":false},"featured_media":1132,"comment_status":"open","ping_status":"closed","template":"","meta":{"om_disable_all_campaigns":false,"_mi_skip_tracking":false,"_monsterinsights_sitenote_active":false,"_monsterinsights_sitenote_note":"","_monsterinsights_sitenote_category":0},"product_cat":[30],"product_tag":[],"aioseo_notices":[],"_links":{"self":[{"href":"https:\/\/visaodistri.com.br\/index.php?rest_route=\/wp\/v2\/product\/1206"}],"collection":[{"href":"https:\/\/visaodistri.com.br\/index.php?rest_route=\/wp\/v2\/product"}],"about":[{"href":"https:\/\/visaodistri.com.br\/index.php?rest_route=\/wp\/v2\/types\/product"}],"replies":[{"embeddable":true,"href":"https:\/\/visaodistri.com.br\/index.php?rest_route=%2Fwp%2Fv2%2Fcomments&post=1206"}],"wp:featuredmedia":[{"embeddable":true,"href":"https:\/\/visaodistri.com.br\/index.php?rest_route=\/wp\/v2\/media\/1132"}],"wp:attachment":[{"href":"https:\/\/visaodistri.com.br\/index.php?rest_route=%2Fwp%2Fv2%2Fmedia&parent=1206"}],"wp:term":[{"taxonomy":"product_cat","embeddable":true,"href":"https:\/\/visaodistri.com.br\/index.php?rest_route=%2Fwp%2Fv2%2Fproduct_cat&post=1206"},{"taxonomy":"product_tag","embeddable":true,"href":"https:\/\/visaodistri.com.br\/index.php?rest_route=%2Fwp%2Fv2%2Fproduct_tag&post=1206"}],"curies":[{"name":"wp","href":"https:\/\/api.w.org\/{rel}","templated":true}]}}