{"id":1205,"date":"2023-01-07T08:12:41","date_gmt":"2023-01-07T05:12:41","guid":{"rendered":"https:\/\/visaodistri.com.br\/?post_type=product&#038;p=1205"},"modified":"2023-04-17T20:43:55","modified_gmt":"2023-04-17T17:43:55","slug":"led-1908","status":"publish","type":"product","link":"https:\/\/visaodistri.com.br\/?product=led-1908","title":{"rendered":"ALL1908 &#8211; LANTERNA ALFACEL 7 LEDS"},"content":{"rendered":"<p>A lanterna de m\u00e3o modelo 1908 \u00e9 uma excelente lanterna para quem precisa de praticidade sem ter dores de cabe\u00e7a com pilhas descarregadas. <span style=\"font-style: inherit; font-weight: inherit;\">Essa lanterna pode ser recarreg\u00e1vel em 110V ou 220V. Portanto a compatibilidade dela \u00e9 total com as redes de energias do Brasil. <\/span><span style=\"font-style: inherit; font-weight: inherit;\">Possuindo 7 leds de alto brilho, sua luminosidade \u00e9 bem alta possibilitando uma boa ilumina\u00e7\u00e3o em locais fechados ou durante a noite. A lanterna 1908 trabalha com 35l (l\u00famens). <\/span><span style=\"font-style: inherit; font-weight: inherit;\">Ela \u00e9 bem pr\u00e1tica para ser utilizada, podendo regular com o seu bot\u00e3o a intensidade da luz, em luz fraca ou forte. <\/span><span style=\"font-style: inherit; font-weight: inherit;\">Sua bateria conta com 800mAh, onde alinhada com os leds que possuem baixo consumo, a durabilidade dela \u00e9 excelente, chegando a 18 horas de uso. <\/span><span style=\"font-style: inherit; font-weight: inherit;\">Al\u00e9m de todas essas vantagens a lanterna possui um adaptador para recarregar, aumentando mais a gama de possibilidades de uso. <\/span><span style=\"font-style: inherit; font-weight: inherit;\">O seu peso total \u00e9 apenas 240g, com dimens\u00f5es de 18 x 6,3 x 6,3 cm. Se trata de uma lanterna vers\u00e1til, potente e compacta.<\/span><\/p>\n","protected":false},"excerpt":{"rendered":"<p>A lanterna de m\u00e3o modelo 1908 \u00e9 uma excelente lanterna para quem precisa de praticidade sem ter dores de cabe\u00e7a com pilhas descarregadas. Essa lanterna pode ser recarreg\u00e1vel em 110V ou 220V. Portanto a compatibilidade dela \u00e9 total com as redes de energias do Brasil. Possuindo 7 leds de alto brilho, sua luminosidade \u00e9 bem [&hellip;]<\/p>\n","protected":false},"featured_media":1122,"comment_status":"open","ping_status":"closed","template":"","meta":{"om_disable_all_campaigns":false,"_mi_skip_tracking":false,"_monsterinsights_sitenote_active":false,"_monsterinsights_sitenote_note":"","_monsterinsights_sitenote_category":0},"product_cat":[30],"product_tag":[],"aioseo_notices":[],"_links":{"self":[{"href":"https:\/\/visaodistri.com.br\/index.php?rest_route=\/wp\/v2\/product\/1205"}],"collection":[{"href":"https:\/\/visaodistri.com.br\/index.php?rest_route=\/wp\/v2\/product"}],"about":[{"href":"https:\/\/visaodistri.com.br\/index.php?rest_route=\/wp\/v2\/types\/product"}],"replies":[{"embeddable":true,"href":"https:\/\/visaodistri.com.br\/index.php?rest_route=%2Fwp%2Fv2%2Fcomments&post=1205"}],"wp:featuredmedia":[{"embeddable":true,"href":"https:\/\/visaodistri.com.br\/index.php?rest_route=\/wp\/v2\/media\/1122"}],"wp:attachment":[{"href":"https:\/\/visaodistri.com.br\/index.php?rest_route=%2Fwp%2Fv2%2Fmedia&parent=1205"}],"wp:term":[{"taxonomy":"product_cat","embeddable":true,"href":"https:\/\/visaodistri.com.br\/index.php?rest_route=%2Fwp%2Fv2%2Fproduct_cat&post=1205"},{"taxonomy":"product_tag","embeddable":true,"href":"https:\/\/visaodistri.com.br\/index.php?rest_route=%2Fwp%2Fv2%2Fproduct_tag&post=1205"}],"curies":[{"name":"wp","href":"https:\/\/api.w.org\/{rel}","templated":true}]}}