{"id":1204,"date":"2023-01-07T08:11:56","date_gmt":"2023-01-07T05:11:56","guid":{"rendered":"https:\/\/visaodistri.com.br\/?post_type=product&#038;p=1204"},"modified":"2023-04-17T20:51:22","modified_gmt":"2023-04-17T17:51:22","slug":"led-1935","status":"publish","type":"product","link":"https:\/\/visaodistri.com.br\/?product=led-1935","title":{"rendered":"ALL1935 &#8211; LANTERNA ALFACEL 6 LEDS"},"content":{"rendered":"<p>Essa Lanterna Recarreg\u00e1vel 6 LED 1935 \u00e9 uma lanterna vers\u00e1til e potente para suas aventuras ou para manter em casa em casos de emerg\u00eancia. Possui duas intensidades, voc\u00ea pode escolher entre 3 LEDs ou 6 LEDs de acordo com seu uso e sua necessidade. Pode ser usado at\u00e9 25 horas cont\u00ednuas na intensidade 3 LEDs e 13 horas seguidas na intensidade 6 LEDs com a carga completa. Tem uma bateria incr\u00edvel de 800mAh e pode te acompanhar nas mais diversas aventuras. Vem incluso carregador bivolt e a carga recomendada completa \u00e9 de at\u00e9 12 horas.<\/p>\n","protected":false},"excerpt":{"rendered":"<p>Essa Lanterna Recarreg\u00e1vel 6 LED 1935 \u00e9 uma lanterna vers\u00e1til e potente para suas aventuras ou para manter em casa em casos de emerg\u00eancia. Possui duas intensidades, voc\u00ea pode escolher entre 3 LEDs ou 6 LEDs de acordo com seu uso e sua necessidade. Pode ser usado at\u00e9 25 horas cont\u00ednuas na intensidade 3 LEDs [&hellip;]<\/p>\n","protected":false},"featured_media":1128,"comment_status":"open","ping_status":"closed","template":"","meta":{"om_disable_all_campaigns":false,"_mi_skip_tracking":false,"_monsterinsights_sitenote_active":false,"_monsterinsights_sitenote_note":"","_monsterinsights_sitenote_category":0},"product_cat":[30],"product_tag":[],"aioseo_notices":[],"_links":{"self":[{"href":"https:\/\/visaodistri.com.br\/index.php?rest_route=\/wp\/v2\/product\/1204"}],"collection":[{"href":"https:\/\/visaodistri.com.br\/index.php?rest_route=\/wp\/v2\/product"}],"about":[{"href":"https:\/\/visaodistri.com.br\/index.php?rest_route=\/wp\/v2\/types\/product"}],"replies":[{"embeddable":true,"href":"https:\/\/visaodistri.com.br\/index.php?rest_route=%2Fwp%2Fv2%2Fcomments&post=1204"}],"wp:featuredmedia":[{"embeddable":true,"href":"https:\/\/visaodistri.com.br\/index.php?rest_route=\/wp\/v2\/media\/1128"}],"wp:attachment":[{"href":"https:\/\/visaodistri.com.br\/index.php?rest_route=%2Fwp%2Fv2%2Fmedia&parent=1204"}],"wp:term":[{"taxonomy":"product_cat","embeddable":true,"href":"https:\/\/visaodistri.com.br\/index.php?rest_route=%2Fwp%2Fv2%2Fproduct_cat&post=1204"},{"taxonomy":"product_tag","embeddable":true,"href":"https:\/\/visaodistri.com.br\/index.php?rest_route=%2Fwp%2Fv2%2Fproduct_tag&post=1204"}],"curies":[{"name":"wp","href":"https:\/\/api.w.org\/{rel}","templated":true}]}}