{"id":1203,"date":"2023-01-07T08:10:20","date_gmt":"2023-01-07T05:10:20","guid":{"rendered":"https:\/\/visaodistri.com.br\/?post_type=product&#038;p=1203"},"modified":"2023-04-17T21:00:49","modified_gmt":"2023-04-17T18:00:49","slug":"led-1922b","status":"publish","type":"product","link":"https:\/\/visaodistri.com.br\/?product=led-1922b","title":{"rendered":"ALL1922B &#8211; LANTERNA ALFACEL 5 LEDS"},"content":{"rendered":"<p>A Lanterna 1922B 5 Leds \u00e9 ideal para uso no trabalho, pesca, trilhas, camping entre outros. \u00c9 port\u00e1til e potente para uso emerg\u00eancias. Possui um adaptador para recarregar, bot\u00e3o com pot\u00eancia de luz fraco e forte. Bateria de 350mAh, com L\u00famens de 30L, tempo de recarga cerca de 7 horas para uso de 4\/7 horas, tens\u00e3o bivolt 110V\/220V.<\/p>\n","protected":false},"excerpt":{"rendered":"<p>A Lanterna 1922B 5 Leds \u00e9 ideal para uso no trabalho, pesca, trilhas, camping entre outros. \u00c9 port\u00e1til e potente para uso emerg\u00eancias. Possui um adaptador para recarregar, bot\u00e3o com pot\u00eancia de luz fraco e forte. Bateria de 350mAh, com L\u00famens de 30L, tempo de recarga cerca de 7 horas para uso de 4\/7 horas, [&hellip;]<\/p>\n","protected":false},"featured_media":1127,"comment_status":"open","ping_status":"closed","template":"","meta":{"om_disable_all_campaigns":false,"_mi_skip_tracking":false,"_monsterinsights_sitenote_active":false,"_monsterinsights_sitenote_note":"","_monsterinsights_sitenote_category":0},"product_cat":[30],"product_tag":[],"aioseo_notices":[],"_links":{"self":[{"href":"https:\/\/visaodistri.com.br\/index.php?rest_route=\/wp\/v2\/product\/1203"}],"collection":[{"href":"https:\/\/visaodistri.com.br\/index.php?rest_route=\/wp\/v2\/product"}],"about":[{"href":"https:\/\/visaodistri.com.br\/index.php?rest_route=\/wp\/v2\/types\/product"}],"replies":[{"embeddable":true,"href":"https:\/\/visaodistri.com.br\/index.php?rest_route=%2Fwp%2Fv2%2Fcomments&post=1203"}],"wp:featuredmedia":[{"embeddable":true,"href":"https:\/\/visaodistri.com.br\/index.php?rest_route=\/wp\/v2\/media\/1127"}],"wp:attachment":[{"href":"https:\/\/visaodistri.com.br\/index.php?rest_route=%2Fwp%2Fv2%2Fmedia&parent=1203"}],"wp:term":[{"taxonomy":"product_cat","embeddable":true,"href":"https:\/\/visaodistri.com.br\/index.php?rest_route=%2Fwp%2Fv2%2Fproduct_cat&post=1203"},{"taxonomy":"product_tag","embeddable":true,"href":"https:\/\/visaodistri.com.br\/index.php?rest_route=%2Fwp%2Fv2%2Fproduct_tag&post=1203"}],"curies":[{"name":"wp","href":"https:\/\/api.w.org\/{rel}","templated":true}]}}