{"id":1202,"date":"2023-01-07T08:09:33","date_gmt":"2023-01-07T05:09:33","guid":{"rendered":"https:\/\/visaodistri.com.br\/?post_type=product&#038;p=1202"},"modified":"2023-04-17T22:02:46","modified_gmt":"2023-04-17T19:02:46","slug":"led-1909","status":"publish","type":"product","link":"https:\/\/visaodistri.com.br\/?product=led-1909","title":{"rendered":"ALL1909 &#8211; LANTERNA ALFACEL  4 LED"},"content":{"rendered":"<p>Lanterna 4 leds 1909 bateria recarreg\u00e1vel \u00e9 uma lanterna com design moderno, e muito port\u00e1til, por ser uma lanterna pequena e leve, facilita muito o transporte, podendo ser guardada em at\u00e9 uma pequena bolsa, ou maleta. Ideal para camping ter no carro, uso portaria e uso dom\u00e9stico. Tamanho de 11cm x 4,5cm, possui 4 leds de superior capacidade e brilho forte, luz com foco, 2 est\u00e1gios de bateria recarreg\u00e1vel.<\/p>\n","protected":false},"excerpt":{"rendered":"<p>Lanterna 4 leds 1909 bateria recarreg\u00e1vel \u00e9 uma lanterna com design moderno, e muito port\u00e1til, por ser uma lanterna pequena e leve, facilita muito o transporte, podendo ser guardada em at\u00e9 uma pequena bolsa, ou maleta. Ideal para camping ter no carro, uso portaria e uso dom\u00e9stico. Tamanho de 11cm x 4,5cm, possui 4 leds [&hellip;]<\/p>\n","protected":false},"featured_media":1123,"comment_status":"open","ping_status":"closed","template":"","meta":{"om_disable_all_campaigns":false,"_mi_skip_tracking":false,"_monsterinsights_sitenote_active":false,"_monsterinsights_sitenote_note":"","_monsterinsights_sitenote_category":0},"product_cat":[30],"product_tag":[],"aioseo_notices":[],"_links":{"self":[{"href":"https:\/\/visaodistri.com.br\/index.php?rest_route=\/wp\/v2\/product\/1202"}],"collection":[{"href":"https:\/\/visaodistri.com.br\/index.php?rest_route=\/wp\/v2\/product"}],"about":[{"href":"https:\/\/visaodistri.com.br\/index.php?rest_route=\/wp\/v2\/types\/product"}],"replies":[{"embeddable":true,"href":"https:\/\/visaodistri.com.br\/index.php?rest_route=%2Fwp%2Fv2%2Fcomments&post=1202"}],"wp:featuredmedia":[{"embeddable":true,"href":"https:\/\/visaodistri.com.br\/index.php?rest_route=\/wp\/v2\/media\/1123"}],"wp:attachment":[{"href":"https:\/\/visaodistri.com.br\/index.php?rest_route=%2Fwp%2Fv2%2Fmedia&parent=1202"}],"wp:term":[{"taxonomy":"product_cat","embeddable":true,"href":"https:\/\/visaodistri.com.br\/index.php?rest_route=%2Fwp%2Fv2%2Fproduct_cat&post=1202"},{"taxonomy":"product_tag","embeddable":true,"href":"https:\/\/visaodistri.com.br\/index.php?rest_route=%2Fwp%2Fv2%2Fproduct_tag&post=1202"}],"curies":[{"name":"wp","href":"https:\/\/api.w.org\/{rel}","templated":true}]}}